{"id":5712,"date":"2022-12-19T16:17:01","date_gmt":"2022-12-19T15:17:01","guid":{"rendered":"https:\/\/www.saintjeanlourdes.com\/?page_id=5712"},"modified":"2023-05-27T11:07:39","modified_gmt":"2023-05-27T09:07:39","slug":"libretto-di-benvenuto","status":"publish","type":"page","link":"https:\/\/www.saintjeanlourdes.com\/it\/libretto-di-benvenuto\/","title":{"rendered":"Libretto di benvenuto"},"content":{"rendered":"\n<p><strong><span class=\"has-inline-color has-luminous-vivid-amber-color\">INTRODUZIONE<\/span><\/strong><\/p>\n\n\n\n<p>Accoglienza !<\/p>\n\n\n\n<p>In questo libretto troverate tutte le informazioni utili per guidarvi durante tutto il votro soggiorno. Rimaniamo a vostra disposizione per qualsiasi richiesta. Tutta la squadra di Saint-Jean \u200b\u200b\u200b\u200bvia augura un piacevole soggiorno !<\/p>\n\n\n\n<p>Accettiamo animali domestici a pagamento, che rimangono comunque sotto la tua responsabilit\u00e0. Si prega di non lasciarli soli nella stanza. Le camere cos\u00ec come i balconi sono non fumatori. La sera o la mattina vi preghiamo di non sbattere le porte e di non parlare a voce troppo alta nei corridoi.<\/p>\n\n\n\n<p>Un&#8217;esigenza particolare ? Biancheria da bagno extra, asse da stiro, ventilatore o prese elettriche<br>d&#8217;orecchio ? Non esitate a contattare la reception!<\/p>\n\n\n\n<p>Pulizia: Le cameriere sono a vostra disposizione dalle 8:00 alle 12:00 e dalle 13:00 alle 15:00. Si prega di far loro sapere se non si desidera che vengano da noi in modo da non essere disturbati o metti un&#8217;etichetta &#8220;Non disturbare&#8221; sulla tua porta. Dopo le 15:00, la tua stanza pu\u00f2 essere fatto. La camera deve essere liberata alle ore 11:00<\/p>\n\n\n\n<p><strong><span class=\"has-inline-color has-luminous-vivid-amber-color\">RECEPTION &amp; WI-FI<\/span><\/strong><\/p>\n\n\n\n<p>La reception \u00e8 aperta dalle 8:00 alle 12:00 e poi dalle 14:00 alle 20:00. Non esitate a venire alla reception per qualsiasi richiesta, consiglio o per eventuali prenotazioni di taxi o ristoranti.<\/p>\n\n\n\n<p>Disponibile su richiesta alla reception :<\/p>\n\n\n\n<ul class=\"wp-block-list\"><li>Ferro da stiro<\/li><li>Asciugacapelli<\/li><li>Tappi per le orecchie<\/li><li>Adattatore e prolunga<\/li><li>Culla e seggiolone<\/li><li>Pulizia cameriere (picccolo \u20ac 4,00 e grande \u20ac 8,00)<\/li><li>Lavanderia (7.00\u20ac)<\/li><\/ul>\n\n\n\n<p><br>Per internet collegarsi gratuitamente alla rete \u201cHotel Saint Jean\u201d e seguire le istruzioni sulla pagina web aperta. Informa l&#8217;origine del tuo numero di telefono e ricevi un SMS con un codice, quindi inserisci questo codice nella pagina web.<\/p>\n\n\n\n<p><strong><span class=\"has-inline-color has-luminous-vivid-amber-color\">PRIMA COLAZIONE<\/span><\/strong><\/p>\n\n\n\n<p>Buffet servito dalle 8:30 alle 10:30 nella sala da pranzo al piano terra.<br>Prezzo : 9.00\u20ac a persona<\/p>\n\n\n\n<p>Caff\u00e8, caff\u00e8 espresso, t\u00e8, cioccolata, succo d&#8217;arancia, latte, acqua, cesto di dolci e pane fresco, burro e marmellata, frutta, formaggio, salumi, uova, yogurt, cereali. . .<\/p>\n\n\n\n<figure class=\"wp-block-image size-full\"><img loading=\"lazy\" decoding=\"async\" width=\"500\" height=\"500\" src=\"https:\/\/www.saintjeanlourdes.com\/wp-content\/uploads\/2022\/11\/Sans-titre-3-3.png\" alt=\"\" class=\"wp-image-5792\" srcset=\"https:\/\/www.saintjeanlourdes.com\/wp-content\/uploads\/2022\/11\/Sans-titre-3-3.png 500w, https:\/\/www.saintjeanlourdes.com\/wp-content\/uploads\/2022\/11\/Sans-titre-3-3-280x280.png 280w, https:\/\/www.saintjeanlourdes.com\/wp-content\/uploads\/2022\/11\/Sans-titre-3-3-150x150.png 150w\" sizes=\"auto, (max-width: 500px) 100vw, 500px\" \/><\/figure>\n\n\n\n<p><strong><span class=\"has-inline-color has-luminous-vivid-amber-color\">STARE A LOURDES<\/span><\/strong><\/p>\n\n\n\n<p>Scopri Lourdes, una storica citt\u00e0 dei Pirenei ricca di storia! Ufficio del Turismo di Lourdes : Pl. du Champ Commun, 65100 Lourdes, Francia<\/p>\n\n\n\n<p>Elenco non esaustivo di alcuni siti e attivit\u00e0 da non perdere :<\/p>\n\n\n\n<ul class=\"wp-block-list\"><li>Santuario Nostra Signora di Lourdes<\/li><li>La grotta di Massabielle<\/li><li>Il castello di Lourdes<\/li><li>Il Pic du Jer<\/li><li>La Via Crucis<\/li><li>La piccola Lourdes<\/li><li>La Basilica di Nostra Signora del Rosario<\/li><\/ul>\n\n\n\n<figure class=\"wp-block-image size-large is-style-rounded\"><img loading=\"lazy\" decoding=\"async\" width=\"1024\" height=\"1024\" src=\"https:\/\/www.saintjeanlourdes.com\/wp-content\/uploads\/2022\/11\/Sans-titre-2-3-1024x1024.png\" alt=\"\" class=\"wp-image-5797\" srcset=\"https:\/\/www.saintjeanlourdes.com\/wp-content\/uploads\/2022\/11\/Sans-titre-2-3-1024x1024.png 1024w, https:\/\/www.saintjeanlourdes.com\/wp-content\/uploads\/2022\/11\/Sans-titre-2-3-280x280.png 280w, https:\/\/www.saintjeanlourdes.com\/wp-content\/uploads\/2022\/11\/Sans-titre-2-3-150x150.png 150w, https:\/\/www.saintjeanlourdes.com\/wp-content\/uploads\/2022\/11\/Sans-titre-2-3-768x768.png 768w, https:\/\/www.saintjeanlourdes.com\/wp-content\/uploads\/2022\/11\/Sans-titre-2-3.png 1080w\" sizes=\"auto, (max-width: 1024px) 100vw, 1024px\" \/><\/figure>\n","protected":false},"excerpt":{"rendered":"<p>INTRODUZIONE Accoglienza ! In questo libretto troverate tutte le informazioni utili per guidarvi durante tutto il votro soggiorno. Rimaniamo a [&hellip;]<\/p>\n","protected":false},"author":5,"featured_media":0,"parent":0,"menu_order":0,"comment_status":"closed","ping_status":"closed","template":"template-default.php","meta":{"footnotes":""},"class_list":["post-5712","page","type-page","status-publish","hentry"],"yoast_head":"<!-- This site is optimized with the Yoast SEO plugin v26.1.1 - https:\/\/yoast.com\/wordpress\/plugins\/seo\/ -->\n<title>Libretto di benvenuto - H\u00f4tel R\u00e9sidence Saint Jean Lourdes<\/title>\n<meta name=\"robots\" content=\"index, follow, max-snippet:-1, max-image-preview:large, max-video-preview:-1\" \/>\n<link rel=\"canonical\" href=\"https:\/\/www.saintjeanlourdes.com\/it\/libretto-di-benvenuto\/\" \/>\n<meta property=\"og:locale\" content=\"it_IT\" \/>\n<meta property=\"og:type\" content=\"article\" \/>\n<meta property=\"og:title\" content=\"Libretto di benvenuto - H\u00f4tel R\u00e9sidence Saint Jean Lourdes\" \/>\n<meta property=\"og:description\" content=\"INTRODUZIONE Accoglienza ! In questo libretto troverate tutte le informazioni utili per guidarvi durante tutto il votro soggiorno. Rimaniamo a [&hellip;]\" \/>\n<meta property=\"og:url\" content=\"https:\/\/www.saintjeanlourdes.com\/it\/libretto-di-benvenuto\/\" \/>\n<meta property=\"og:site_name\" content=\"H\u00f4tel R\u00e9sidence Saint Jean Lourdes\" \/>\n<meta property=\"article:modified_time\" content=\"2023-05-27T09:07:39+00:00\" \/>\n<meta property=\"og:image\" content=\"https:\/\/www.saintjeanlourdes.com\/wp-content\/uploads\/2022\/11\/Sans-titre-3-3.png\" \/>\n<meta name=\"twitter:card\" content=\"summary_large_image\" \/>\n<meta name=\"twitter:label1\" content=\"Tempo di lettura stimato\" \/>\n\t<meta name=\"twitter:data1\" content=\"3 minuti\" \/>\n<script type=\"application\/ld+json\" class=\"yoast-schema-graph\">{\"@context\":\"https:\/\/schema.org\",\"@graph\":[{\"@type\":\"WebPage\",\"@id\":\"https:\/\/www.saintjeanlourdes.com\/it\/libretto-di-benvenuto\/\",\"url\":\"https:\/\/www.saintjeanlourdes.com\/it\/libretto-di-benvenuto\/\",\"name\":\"Libretto di benvenuto - H\u00f4tel R\u00e9sidence Saint Jean Lourdes\",\"isPartOf\":{\"@id\":\"https:\/\/www.saintjeanlourdes.com\/it\/#website\"},\"primaryImageOfPage\":{\"@id\":\"https:\/\/www.saintjeanlourdes.com\/it\/libretto-di-benvenuto\/#primaryimage\"},\"image\":{\"@id\":\"https:\/\/www.saintjeanlourdes.com\/it\/libretto-di-benvenuto\/#primaryimage\"},\"thumbnailUrl\":\"https:\/\/www.saintjeanlourdes.com\/wp-content\/uploads\/2022\/11\/Sans-titre-3-3.png\",\"datePublished\":\"2022-12-19T15:17:01+00:00\",\"dateModified\":\"2023-05-27T09:07:39+00:00\",\"breadcrumb\":{\"@id\":\"https:\/\/www.saintjeanlourdes.com\/it\/libretto-di-benvenuto\/#breadcrumb\"},\"inLanguage\":\"it-IT\",\"potentialAction\":[{\"@type\":\"ReadAction\",\"target\":[\"https:\/\/www.saintjeanlourdes.com\/it\/libretto-di-benvenuto\/\"]}]},{\"@type\":\"ImageObject\",\"inLanguage\":\"it-IT\",\"@id\":\"https:\/\/www.saintjeanlourdes.com\/it\/libretto-di-benvenuto\/#primaryimage\",\"url\":\"https:\/\/www.saintjeanlourdes.com\/wp-content\/uploads\/2022\/11\/Sans-titre-3-3.png\",\"contentUrl\":\"https:\/\/www.saintjeanlourdes.com\/wp-content\/uploads\/2022\/11\/Sans-titre-3-3.png\"},{\"@type\":\"BreadcrumbList\",\"@id\":\"https:\/\/www.saintjeanlourdes.com\/it\/libretto-di-benvenuto\/#breadcrumb\",\"itemListElement\":[{\"@type\":\"ListItem\",\"position\":1,\"name\":\"Homepage\",\"item\":\"https:\/\/www.saintjeanlourdes.com\/it\/\"},{\"@type\":\"ListItem\",\"position\":2,\"name\":\"Libretto di benvenuto\"}]},{\"@type\":\"WebSite\",\"@id\":\"https:\/\/www.saintjeanlourdes.com\/it\/#website\",\"url\":\"https:\/\/www.saintjeanlourdes.com\/it\/\",\"name\":\"H\u00f4tel R\u00e9sidence Saint Jean Lourdes\",\"description\":\"\",\"publisher\":{\"@id\":\"https:\/\/www.saintjeanlourdes.com\/it\/#organization\"},\"potentialAction\":[{\"@type\":\"SearchAction\",\"target\":{\"@type\":\"EntryPoint\",\"urlTemplate\":\"https:\/\/www.saintjeanlourdes.com\/it\/?s={search_term_string}\"},\"query-input\":{\"@type\":\"PropertyValueSpecification\",\"valueRequired\":true,\"valueName\":\"search_term_string\"}}],\"inLanguage\":\"it-IT\"},{\"@type\":\"Organization\",\"@id\":\"https:\/\/www.saintjeanlourdes.com\/it\/#organization\",\"name\":\"H\u00f4tel R\u00e9sidence Saint Jean Lourdes\",\"url\":\"https:\/\/www.saintjeanlourdes.com\/it\/\",\"logo\":{\"@type\":\"ImageObject\",\"inLanguage\":\"it-IT\",\"@id\":\"https:\/\/www.saintjeanlourdes.com\/it\/#\/schema\/logo\/image\/\",\"url\":\"https:\/\/www.saintjeanlourdes.com\/wp-content\/uploads\/2020\/02\/cropped-Appart-hotel-Saint-Jean-2.png\",\"contentUrl\":\"https:\/\/www.saintjeanlourdes.com\/wp-content\/uploads\/2020\/02\/cropped-Appart-hotel-Saint-Jean-2.png\",\"width\":572,\"height\":143,\"caption\":\"H\u00f4tel R\u00e9sidence Saint Jean Lourdes\"},\"image\":{\"@id\":\"https:\/\/www.saintjeanlourdes.com\/it\/#\/schema\/logo\/image\/\"}}]}<\/script>\n<!-- \/ Yoast SEO plugin. -->","yoast_head_json":{"title":"Libretto di benvenuto - H\u00f4tel R\u00e9sidence Saint Jean Lourdes","robots":{"index":"index","follow":"follow","max-snippet":"max-snippet:-1","max-image-preview":"max-image-preview:large","max-video-preview":"max-video-preview:-1"},"canonical":"https:\/\/www.saintjeanlourdes.com\/it\/libretto-di-benvenuto\/","og_locale":"it_IT","og_type":"article","og_title":"Libretto di benvenuto - H\u00f4tel R\u00e9sidence Saint Jean Lourdes","og_description":"INTRODUZIONE Accoglienza ! In questo libretto troverate tutte le informazioni utili per guidarvi durante tutto il votro soggiorno. Rimaniamo a [&hellip;]","og_url":"https:\/\/www.saintjeanlourdes.com\/it\/libretto-di-benvenuto\/","og_site_name":"H\u00f4tel R\u00e9sidence Saint Jean Lourdes","article_modified_time":"2023-05-27T09:07:39+00:00","og_image":[{"url":"https:\/\/www.saintjeanlourdes.com\/wp-content\/uploads\/2022\/11\/Sans-titre-3-3.png","type":"","width":"","height":""}],"twitter_card":"summary_large_image","twitter_misc":{"Tempo di lettura stimato":"3 minuti"},"schema":{"@context":"https:\/\/schema.org","@graph":[{"@type":"WebPage","@id":"https:\/\/www.saintjeanlourdes.com\/it\/libretto-di-benvenuto\/","url":"https:\/\/www.saintjeanlourdes.com\/it\/libretto-di-benvenuto\/","name":"Libretto di benvenuto - H\u00f4tel R\u00e9sidence Saint Jean Lourdes","isPartOf":{"@id":"https:\/\/www.saintjeanlourdes.com\/it\/#website"},"primaryImageOfPage":{"@id":"https:\/\/www.saintjeanlourdes.com\/it\/libretto-di-benvenuto\/#primaryimage"},"image":{"@id":"https:\/\/www.saintjeanlourdes.com\/it\/libretto-di-benvenuto\/#primaryimage"},"thumbnailUrl":"https:\/\/www.saintjeanlourdes.com\/wp-content\/uploads\/2022\/11\/Sans-titre-3-3.png","datePublished":"2022-12-19T15:17:01+00:00","dateModified":"2023-05-27T09:07:39+00:00","breadcrumb":{"@id":"https:\/\/www.saintjeanlourdes.com\/it\/libretto-di-benvenuto\/#breadcrumb"},"inLanguage":"it-IT","potentialAction":[{"@type":"ReadAction","target":["https:\/\/www.saintjeanlourdes.com\/it\/libretto-di-benvenuto\/"]}]},{"@type":"ImageObject","inLanguage":"it-IT","@id":"https:\/\/www.saintjeanlourdes.com\/it\/libretto-di-benvenuto\/#primaryimage","url":"https:\/\/www.saintjeanlourdes.com\/wp-content\/uploads\/2022\/11\/Sans-titre-3-3.png","contentUrl":"https:\/\/www.saintjeanlourdes.com\/wp-content\/uploads\/2022\/11\/Sans-titre-3-3.png"},{"@type":"BreadcrumbList","@id":"https:\/\/www.saintjeanlourdes.com\/it\/libretto-di-benvenuto\/#breadcrumb","itemListElement":[{"@type":"ListItem","position":1,"name":"Homepage","item":"https:\/\/www.saintjeanlourdes.com\/it\/"},{"@type":"ListItem","position":2,"name":"Libretto di benvenuto"}]},{"@type":"WebSite","@id":"https:\/\/www.saintjeanlourdes.com\/it\/#website","url":"https:\/\/www.saintjeanlourdes.com\/it\/","name":"H\u00f4tel R\u00e9sidence Saint Jean Lourdes","description":"","publisher":{"@id":"https:\/\/www.saintjeanlourdes.com\/it\/#organization"},"potentialAction":[{"@type":"SearchAction","target":{"@type":"EntryPoint","urlTemplate":"https:\/\/www.saintjeanlourdes.com\/it\/?s={search_term_string}"},"query-input":{"@type":"PropertyValueSpecification","valueRequired":true,"valueName":"search_term_string"}}],"inLanguage":"it-IT"},{"@type":"Organization","@id":"https:\/\/www.saintjeanlourdes.com\/it\/#organization","name":"H\u00f4tel R\u00e9sidence Saint Jean Lourdes","url":"https:\/\/www.saintjeanlourdes.com\/it\/","logo":{"@type":"ImageObject","inLanguage":"it-IT","@id":"https:\/\/www.saintjeanlourdes.com\/it\/#\/schema\/logo\/image\/","url":"https:\/\/www.saintjeanlourdes.com\/wp-content\/uploads\/2020\/02\/cropped-Appart-hotel-Saint-Jean-2.png","contentUrl":"https:\/\/www.saintjeanlourdes.com\/wp-content\/uploads\/2020\/02\/cropped-Appart-hotel-Saint-Jean-2.png","width":572,"height":143,"caption":"H\u00f4tel R\u00e9sidence Saint Jean Lourdes"},"image":{"@id":"https:\/\/www.saintjeanlourdes.com\/it\/#\/schema\/logo\/image\/"}}]}},"_links":{"self":[{"href":"https:\/\/www.saintjeanlourdes.com\/it\/wp-json\/wp\/v2\/pages\/5712","targetHints":{"allow":["GET"]}}],"collection":[{"href":"https:\/\/www.saintjeanlourdes.com\/it\/wp-json\/wp\/v2\/pages"}],"about":[{"href":"https:\/\/www.saintjeanlourdes.com\/it\/wp-json\/wp\/v2\/types\/page"}],"author":[{"embeddable":true,"href":"https:\/\/www.saintjeanlourdes.com\/it\/wp-json\/wp\/v2\/users\/5"}],"replies":[{"embeddable":true,"href":"https:\/\/www.saintjeanlourdes.com\/it\/wp-json\/wp\/v2\/comments?post=5712"}],"version-history":[{"count":6,"href":"https:\/\/www.saintjeanlourdes.com\/it\/wp-json\/wp\/v2\/pages\/5712\/revisions"}],"predecessor-version":[{"id":6539,"href":"https:\/\/www.saintjeanlourdes.com\/it\/wp-json\/wp\/v2\/pages\/5712\/revisions\/6539"}],"wp:attachment":[{"href":"https:\/\/www.saintjeanlourdes.com\/it\/wp-json\/wp\/v2\/media?parent=5712"}],"curies":[{"name":"wp","href":"https:\/\/api.w.org\/{rel}","templated":true}]}}