{"id":2459,"date":"2020-01-16T12:19:59","date_gmt":"2020-01-16T11:19:59","guid":{"rendered":"https:\/\/www.saintjeanlourdes.com\/accueil\/"},"modified":"2023-09-27T16:03:13","modified_gmt":"2023-09-27T14:03:13","slug":"accueil","status":"publish","type":"page","link":"https:\/\/www.saintjeanlourdes.com\/it\/","title":{"rendered":"Home"},"content":{"rendered":"<div class=\"wpb-content-wrapper\"><p>[vc_row full_width=&#8221;stretch_row&#8221; content_placement=&#8221;top&#8221; css=&#8221;.vc_custom_1582290534892{padding-top: 30px !important;padding-bottom: 50px !important;background-image: url(https:\/\/www.saintjeanlourdes.com\/wp-content\/uploads\/2020\/02\/background-1.png?id=2265) !important;background-position: center !important;background-repeat: no-repeat !important;background-size: cover !important;}&#8221; el_id=&#8221;intro&#8221;][vc_column css=&#8221;.vc_custom_1579772873739{padding-top: 60px !important;}&#8221;][vc_row_inner css=&#8221;.vc_custom_1582275648245{margin-top: -30px !important;background-image: url(https:\/\/www.saintjeanlourdes.com\/wp-content\/uploads\/2020\/02\/rond-gris.png?id=1893) !important;background-position: center !important;background-repeat: no-repeat !important;background-size: contain !important;}&#8221;][vc_column_inner][vc_empty_space height=&#8221;40px&#8221;][vc_column_text el_class=&#8221;letter-spacing&#8221;]<\/p>\n<h1 style=\"text-align: center;\"><strong><span style=\"color: #0976aa;\">Affitto in citt\u00e0<\/span><\/strong><\/h1>\n<p>[\/vc_column_text]    <div class=\"lcv-title header text-center script grey\">\r\n                <h2>Prenotare il vostro <span class=\"underscore\">soggiorno<\/span><\/h2>\r\n\r\n    <\/div>\r\n    [vc_empty_space height=&#8221;20px&#8221;]    <div class=\"lcv-buttons text-center\">\r\n        <a class=\" btn-lcv-orange\" href=\"https:\/\/app.thebookingbutton.com\/properties\/AppartHotelSaintJeandirect?check_in_date=24-02-2020&check_out_date=25-02-2020&number_adults=2\" title=\"PRENOTARE\" target=\"_blank\">PRENOTARE<\/a>    <\/div>\r\n    [\/vc_column_inner][\/vc_row_inner][vc_empty_space][vc_row_inner el_id=&#8221;hover&#8221;][vc_column_inner width=&#8221;1\/4&#8243;][vc_single_image image=&#8221;1921&#8243; img_size=&#8221;full&#8221; alignment=&#8221;center&#8221;][vc_empty_space][\/vc_column_inner][vc_column_inner width=&#8221;1\/4&#8243;][vc_empty_space][vc_single_image image=&#8221;1916&#8243; img_size=&#8221;full&#8221; alignment=&#8221;center&#8221;][vc_empty_space][\/vc_column_inner][vc_column_inner width=&#8221;1\/4&#8243;][vc_single_image image=&#8221;2257&#8243; img_size=&#8221;full&#8221; alignment=&#8221;center&#8221;][vc_empty_space][\/vc_column_inner][vc_column_inner width=&#8221;1\/4&#8243;][vc_empty_space][vc_single_image image=&#8221;1911&#8243; img_size=&#8221;full&#8221; alignment=&#8221;center&#8221;][vc_empty_space][\/vc_column_inner][\/vc_row_inner][\/vc_column][\/vc_row][vc_row full_width=&#8221;stretch_row&#8221; css=&#8221;.vc_custom_1581959792402{padding-bottom: 200px !important;background-color: #f3bd6a !important;}&#8221;][vc_column]    <div class=\"lcv-title text-center text-white\">\r\n                    <div class=\"lcv-subtitle\">Lourdes<\/div>\r\n                <h2>il <span class=\"underscore\">luogo<\/span><\/h2>\r\n\r\n    <\/div>\r\n    [vc_empty_space][vc_column_text el_class=&#8221;text-white&#8221;]A 5 minuti a piedi dei santuari e del centro citt\u00e0, l\u2019Appart H\u00f4tel Saint Jean \u00e8 idealmente stabilito nel cuore della citt\u00e0 mariana. \u00a0 Apprezzerete la prossimit\u00e0 dei negozi e dei numerosi luoghi di pellegrinaggio. Ai piedi dei Pirenei, evadetevi nel cuore di una regione al patrimonio insospettato.[\/vc_column_text][\/vc_column][\/vc_row][vc_row css=&#8221;.vc_custom_1582276656653{margin-top: -150px !important;}&#8221;][vc_column][vc_images_carousel images=&#8221;2287,2280&#8243; img_size=&#8221;1106&#215;547&#8243; onclick=&#8221;link_no&#8221; hide_prev_next_buttons=&#8221;yes&#8221; wrap=&#8221;yes&#8221; css=&#8221;.vc_custom_1582276250032{border-top-width: 2px !important;border-right-width: 2px !important;border-left-width: 2px !important;padding-bottom: 2px !important;border-left-color: #ffffff !important;border-left-style: solid !important;border-right-color: #ffffff !important;border-right-style: solid !important;border-top-color: #ffffff !important;border-top-style: solid !important;border-radius: 2px !important;}&#8221;][\/vc_column][\/vc_row][vc_row full_width=&#8221;stretch_row&#8221; css=&#8221;.vc_custom_1581960420661{padding-top: 60px !important;padding-bottom: 60px !important;background-position: center !important;background-repeat: no-repeat !important;background-size: contain !important;}&#8221;][vc_column]    <div class=\"lcv-title text-center\">\r\n                    <div class=\"lcv-subtitle\">Saint-Jean<\/div>\r\n                <h2>La <span class=\"underscore\">Residenza<\/span><\/h2>\r\n\r\n    <\/div>\r\n    [vc_empty_space][vc_column_text el_class=&#8221;lettrine&#8221;]<\/p>\n<p style=\"text-align: center;\">Le nostre 48 camere spaziose, con vista parziale sul Gave de Pau e sui suoi meandri, possono ospitare da 1 a 5 persone. Troverete un letto grande o due letti singoli, un bagno con doccia \/ vasca e asciugacapelli, TV e telefono. Mobili moderni con pi\u00f9 spazi di archiviazione ti consentono di sistemarti comodamente.<\/p>\n<p>[\/vc_column_text][vc_empty_space]    <div class=\"lcv-buttons text-center\">\r\n        <a class=\" btn-lcv-white\" href=\"\/it\/servizi-tariffe\/\" title=\"servizi-tariffe\" >servizi-tariffe<\/a><a class=\" btn-lcv-orange\" href=\"https:\/\/app.thebookingbutton.com\/properties\/AppartHotelSaintJeandirect?check_in_date=24-02-2020&check_out_date=25-02-2020&number_adults=2\" title=\"Prenota\" target=\"_blank\">Prenota<\/a>    <\/div>\r\n    [vc_empty_space][vc_video link=&#8221;https:\/\/www.youtube.com\/watch?v=JipGIL9fyNk&amp;t=1s&#8221;][\/vc_column][\/vc_row][vc_row full_width=&#8221;stretch_row&#8221; equal_height=&#8221;yes&#8221; css=&#8221;.vc_custom_1581961640684{background-color: #f6f6f6 !important;}&#8221;][vc_column width=&#8221;1\/4&#8243;][vc_empty_space][vc_single_image image=&#8221;2067&#8243; img_size=&#8221;full&#8221;][vc_empty_space height=&#8221;30px&#8221;][vc_column_text]<strong>Internet<br \/>\n<\/strong><span lang=\"it\">disponibile in tutti gli appartamenti<\/span>[\/vc_column_text][vc_empty_space][\/vc_column][vc_column width=&#8221;1\/4&#8243; css=&#8221;.vc_custom_1581961526451{border-left-width: 1px !important;border-left-color: #e9e9e9 !important;border-left-style: solid !important;border-radius: 1px !important;}&#8221;][vc_empty_space][vc_single_image image=&#8221;1854&#8243; img_size=&#8221;full&#8221;][vc_empty_space height=&#8221;15px&#8221;][vc_column_text]<b>Ascensore\u00a0<\/b><br \/>\nin casa[\/vc_column_text][vc_empty_space][\/vc_column][vc_column width=&#8221;1\/4&#8243; css=&#8221;.vc_custom_1581961572948{border-left-width: 1px !important;border-left-color: #e9e9e9 !important;border-left-style: solid !important;border-radius: 1px !important;}&#8221;][vc_empty_space][vc_single_image image=&#8221;1864&#8243; img_size=&#8221;full&#8221;][vc_empty_space height=&#8221;15px&#8221;][vc_column_text]<strong>Lavatrice <\/strong><br \/>\nin self service[\/vc_column_text][vc_empty_space][\/vc_column][vc_column width=&#8221;1\/4&#8243; css=&#8221;.vc_custom_1581961636311{border-left-width: 1px !important;border-left-color: #e9e9e9 !important;border-left-style: solid !important;border-radius: 1px !important;}&#8221;][vc_empty_space][vc_single_image image=&#8221;1859&#8243; img_size=&#8221;full&#8221;][vc_empty_space height=&#8221;15px&#8221;][vc_column_text]<strong>Servizi di pulizia e noleggio biancheria<\/strong><br \/>\nin offerta sul posto[\/vc_column_text][vc_empty_space][\/vc_column][\/vc_row]<\/p>\n<\/div>","protected":false},"excerpt":{"rendered":"<p>[vc_row full_width=&#8221;stretch_row&#8221; content_placement=&#8221;top&#8221; css=&#8221;.vc_custom_1582290534892{padding-top: 30px !important;padding-bottom: 50px !important;background-image: url(https:\/\/www.saintjeanlourdes.com\/wp-content\/uploads\/2020\/02\/background-1.png?id=2265) !important;background-position: center !important;background-repeat: no-repeat !important;background-size: cover !important;}&#8221; el_id=&#8221;intro&#8221;][vc_column css=&#8221;.vc_custom_1579772873739{padding-top: 60px !important;}&#8221;][vc_row_inner [&hellip;]<\/p>\n","protected":false},"author":1,"featured_media":0,"parent":0,"menu_order":0,"comment_status":"closed","ping_status":"closed","template":"template-default.php","meta":{"footnotes":""},"class_list":["post-2459","page","type-page","status-publish","hentry"],"yoast_head":"<!-- This site is optimized with the Yoast SEO plugin v26.1.1 - https:\/\/yoast.com\/wordpress\/plugins\/seo\/ -->\n<title>Home - H\u00f4tel R\u00e9sidence Saint Jean Lourdes<\/title>\n<meta name=\"robots\" content=\"index, follow, max-snippet:-1, max-image-preview:large, max-video-preview:-1\" \/>\n<link rel=\"canonical\" href=\"https:\/\/www.saintjeanlourdes.com\/it\/\" \/>\n<meta property=\"og:locale\" content=\"it_IT\" \/>\n<meta property=\"og:type\" content=\"article\" \/>\n<meta property=\"og:title\" content=\"Home - H\u00f4tel R\u00e9sidence Saint Jean Lourdes\" \/>\n<meta property=\"og:description\" content=\"[vc_row full_width=&#8221;stretch_row&#8221; content_placement=&#8221;top&#8221; css=&#8221;.vc_custom_1582290534892{padding-top: 30px !important;padding-bottom: 50px !important;background-image: url(https:\/\/www.saintjeanlourdes.com\/wp-content\/uploads\/2020\/02\/background-1.png?id=2265) !important;background-position: center !important;background-repeat: no-repeat !important;background-size: cover !important;}&#8221; el_id=&#8221;intro&#8221;][vc_column css=&#8221;.vc_custom_1579772873739{padding-top: 60px !important;}&#8221;][vc_row_inner [&hellip;]\" \/>\n<meta property=\"og:url\" content=\"https:\/\/www.saintjeanlourdes.com\/it\/\" \/>\n<meta property=\"og:site_name\" content=\"H\u00f4tel R\u00e9sidence Saint Jean Lourdes\" \/>\n<meta property=\"article:modified_time\" content=\"2023-09-27T14:03:13+00:00\" \/>\n<meta name=\"twitter:card\" content=\"summary_large_image\" \/>\n<meta name=\"twitter:label1\" content=\"Tempo di lettura stimato\" \/>\n\t<meta name=\"twitter:data1\" content=\"2 minuti\" \/>\n<script type=\"application\/ld+json\" class=\"yoast-schema-graph\">{\"@context\":\"https:\/\/schema.org\",\"@graph\":[{\"@type\":\"WebPage\",\"@id\":\"https:\/\/www.saintjeanlourdes.com\/it\/\",\"url\":\"https:\/\/www.saintjeanlourdes.com\/it\/\",\"name\":\"Home - H\u00f4tel R\u00e9sidence Saint Jean Lourdes\",\"isPartOf\":{\"@id\":\"https:\/\/www.saintjeanlourdes.com\/it\/#website\"},\"datePublished\":\"2020-01-16T11:19:59+00:00\",\"dateModified\":\"2023-09-27T14:03:13+00:00\",\"breadcrumb\":{\"@id\":\"https:\/\/www.saintjeanlourdes.com\/it\/#breadcrumb\"},\"inLanguage\":\"it-IT\",\"potentialAction\":[{\"@type\":\"ReadAction\",\"target\":[\"https:\/\/www.saintjeanlourdes.com\/it\/\"]}]},{\"@type\":\"BreadcrumbList\",\"@id\":\"https:\/\/www.saintjeanlourdes.com\/it\/#breadcrumb\",\"itemListElement\":[{\"@type\":\"ListItem\",\"position\":1,\"name\":\"Homepage\",\"item\":\"https:\/\/www.saintjeanlourdes.com\/it\/\"},{\"@type\":\"ListItem\",\"position\":2,\"name\":\"Home\"}]},{\"@type\":\"WebSite\",\"@id\":\"https:\/\/www.saintjeanlourdes.com\/it\/#website\",\"url\":\"https:\/\/www.saintjeanlourdes.com\/it\/\",\"name\":\"H\u00f4tel R\u00e9sidence Saint Jean Lourdes\",\"description\":\"\",\"publisher\":{\"@id\":\"https:\/\/www.saintjeanlourdes.com\/it\/#organization\"},\"potentialAction\":[{\"@type\":\"SearchAction\",\"target\":{\"@type\":\"EntryPoint\",\"urlTemplate\":\"https:\/\/www.saintjeanlourdes.com\/it\/?s={search_term_string}\"},\"query-input\":{\"@type\":\"PropertyValueSpecification\",\"valueRequired\":true,\"valueName\":\"search_term_string\"}}],\"inLanguage\":\"it-IT\"},{\"@type\":\"Organization\",\"@id\":\"https:\/\/www.saintjeanlourdes.com\/it\/#organization\",\"name\":\"H\u00f4tel R\u00e9sidence Saint Jean Lourdes\",\"url\":\"https:\/\/www.saintjeanlourdes.com\/it\/\",\"logo\":{\"@type\":\"ImageObject\",\"inLanguage\":\"it-IT\",\"@id\":\"https:\/\/www.saintjeanlourdes.com\/it\/#\/schema\/logo\/image\/\",\"url\":\"https:\/\/www.saintjeanlourdes.com\/wp-content\/uploads\/2020\/02\/cropped-Appart-hotel-Saint-Jean-2.png\",\"contentUrl\":\"https:\/\/www.saintjeanlourdes.com\/wp-content\/uploads\/2020\/02\/cropped-Appart-hotel-Saint-Jean-2.png\",\"width\":572,\"height\":143,\"caption\":\"H\u00f4tel R\u00e9sidence Saint Jean Lourdes\"},\"image\":{\"@id\":\"https:\/\/www.saintjeanlourdes.com\/it\/#\/schema\/logo\/image\/\"}}]}<\/script>\n<!-- \/ Yoast SEO plugin. -->","yoast_head_json":{"title":"Home - H\u00f4tel R\u00e9sidence Saint Jean Lourdes","robots":{"index":"index","follow":"follow","max-snippet":"max-snippet:-1","max-image-preview":"max-image-preview:large","max-video-preview":"max-video-preview:-1"},"canonical":"https:\/\/www.saintjeanlourdes.com\/it\/","og_locale":"it_IT","og_type":"article","og_title":"Home - H\u00f4tel R\u00e9sidence Saint Jean Lourdes","og_description":"[vc_row full_width=&#8221;stretch_row&#8221; content_placement=&#8221;top&#8221; css=&#8221;.vc_custom_1582290534892{padding-top: 30px !important;padding-bottom: 50px !important;background-image: url(https:\/\/www.saintjeanlourdes.com\/wp-content\/uploads\/2020\/02\/background-1.png?id=2265) !important;background-position: center !important;background-repeat: no-repeat !important;background-size: cover !important;}&#8221; el_id=&#8221;intro&#8221;][vc_column css=&#8221;.vc_custom_1579772873739{padding-top: 60px !important;}&#8221;][vc_row_inner [&hellip;]","og_url":"https:\/\/www.saintjeanlourdes.com\/it\/","og_site_name":"H\u00f4tel R\u00e9sidence Saint Jean Lourdes","article_modified_time":"2023-09-27T14:03:13+00:00","twitter_card":"summary_large_image","twitter_misc":{"Tempo di lettura stimato":"2 minuti"},"schema":{"@context":"https:\/\/schema.org","@graph":[{"@type":"WebPage","@id":"https:\/\/www.saintjeanlourdes.com\/it\/","url":"https:\/\/www.saintjeanlourdes.com\/it\/","name":"Home - H\u00f4tel R\u00e9sidence Saint Jean Lourdes","isPartOf":{"@id":"https:\/\/www.saintjeanlourdes.com\/it\/#website"},"datePublished":"2020-01-16T11:19:59+00:00","dateModified":"2023-09-27T14:03:13+00:00","breadcrumb":{"@id":"https:\/\/www.saintjeanlourdes.com\/it\/#breadcrumb"},"inLanguage":"it-IT","potentialAction":[{"@type":"ReadAction","target":["https:\/\/www.saintjeanlourdes.com\/it\/"]}]},{"@type":"BreadcrumbList","@id":"https:\/\/www.saintjeanlourdes.com\/it\/#breadcrumb","itemListElement":[{"@type":"ListItem","position":1,"name":"Homepage","item":"https:\/\/www.saintjeanlourdes.com\/it\/"},{"@type":"ListItem","position":2,"name":"Home"}]},{"@type":"WebSite","@id":"https:\/\/www.saintjeanlourdes.com\/it\/#website","url":"https:\/\/www.saintjeanlourdes.com\/it\/","name":"H\u00f4tel R\u00e9sidence Saint Jean Lourdes","description":"","publisher":{"@id":"https:\/\/www.saintjeanlourdes.com\/it\/#organization"},"potentialAction":[{"@type":"SearchAction","target":{"@type":"EntryPoint","urlTemplate":"https:\/\/www.saintjeanlourdes.com\/it\/?s={search_term_string}"},"query-input":{"@type":"PropertyValueSpecification","valueRequired":true,"valueName":"search_term_string"}}],"inLanguage":"it-IT"},{"@type":"Organization","@id":"https:\/\/www.saintjeanlourdes.com\/it\/#organization","name":"H\u00f4tel R\u00e9sidence Saint Jean Lourdes","url":"https:\/\/www.saintjeanlourdes.com\/it\/","logo":{"@type":"ImageObject","inLanguage":"it-IT","@id":"https:\/\/www.saintjeanlourdes.com\/it\/#\/schema\/logo\/image\/","url":"https:\/\/www.saintjeanlourdes.com\/wp-content\/uploads\/2020\/02\/cropped-Appart-hotel-Saint-Jean-2.png","contentUrl":"https:\/\/www.saintjeanlourdes.com\/wp-content\/uploads\/2020\/02\/cropped-Appart-hotel-Saint-Jean-2.png","width":572,"height":143,"caption":"H\u00f4tel R\u00e9sidence Saint Jean Lourdes"},"image":{"@id":"https:\/\/www.saintjeanlourdes.com\/it\/#\/schema\/logo\/image\/"}}]}},"_links":{"self":[{"href":"https:\/\/www.saintjeanlourdes.com\/it\/wp-json\/wp\/v2\/pages\/2459","targetHints":{"allow":["GET"]}}],"collection":[{"href":"https:\/\/www.saintjeanlourdes.com\/it\/wp-json\/wp\/v2\/pages"}],"about":[{"href":"https:\/\/www.saintjeanlourdes.com\/it\/wp-json\/wp\/v2\/types\/page"}],"author":[{"embeddable":true,"href":"https:\/\/www.saintjeanlourdes.com\/it\/wp-json\/wp\/v2\/users\/1"}],"replies":[{"embeddable":true,"href":"https:\/\/www.saintjeanlourdes.com\/it\/wp-json\/wp\/v2\/comments?post=2459"}],"version-history":[{"count":12,"href":"https:\/\/www.saintjeanlourdes.com\/it\/wp-json\/wp\/v2\/pages\/2459\/revisions"}],"predecessor-version":[{"id":6838,"href":"https:\/\/www.saintjeanlourdes.com\/it\/wp-json\/wp\/v2\/pages\/2459\/revisions\/6838"}],"wp:attachment":[{"href":"https:\/\/www.saintjeanlourdes.com\/it\/wp-json\/wp\/v2\/media?parent=2459"}],"curies":[{"name":"wp","href":"https:\/\/api.w.org\/{rel}","templated":true}]}}