{"id":1759,"date":"2020-01-16T12:19:59","date_gmt":"2020-01-16T11:19:59","guid":{"rendered":"https:\/\/www.saintjeanlourdes.com\/accueil\/"},"modified":"2023-09-27T16:03:34","modified_gmt":"2023-09-27T14:03:34","slug":"accueil","status":"publish","type":"page","link":"https:\/\/www.saintjeanlourdes.com\/es\/","title":{"rendered":"Inicio"},"content":{"rendered":"<div class=\"wpb-content-wrapper\"><p>[vc_row full_width=\u00bbstretch_row\u00bb content_placement=\u00bbtop\u00bb css=\u00bb.vc_custom_1582290534892{padding-top: 30px !important;padding-bottom: 50px !important;background-image: url(https:\/\/www.saintjeanlourdes.com\/wp-content\/uploads\/2020\/02\/background-1.png?id=2265) !important;background-position: center !important;background-repeat: no-repeat !important;background-size: cover !important;}\u00bb el_id=\u00bbintro\u00bb][vc_column css=\u00bb.vc_custom_1579772873739{padding-top: 60px !important;}\u00bb][vc_row_inner css=\u00bb.vc_custom_1582275648245{margin-top: -30px !important;background-image: url(https:\/\/www.saintjeanlourdes.com\/wp-content\/uploads\/2020\/02\/rond-gris.png?id=1893) !important;background-position: center !important;background-repeat: no-repeat !important;background-size: contain !important;}\u00bb][vc_column_inner][vc_empty_space height=\u00bb40px\u00bb][vc_column_text el_class=\u00bbletter-spacing\u00bb]<\/p>\n<h1 style=\"text-align: center;\"><strong><span style=\"color: #0976aa;\">Alquiler de la ciudad<\/span><\/strong><\/h1>\n<p>[\/vc_column_text]    <div class=\"lcv-title header text-center script grey\">\r\n                <h2>Reservar tu <span class=\"underscore\">estancia<\/span><\/h2>\r\n\r\n    <\/div>\r\n    [vc_empty_space height=\u00bb20px\u00bb]    <div class=\"lcv-buttons text-center\">\r\n        <a class=\" btn-lcv-orange\" href=\"https:\/\/app.thebookingbutton.com\/properties\/AppartHotelSaintJeandirect?check_in_date=24-02-2020&check_out_date=25-02-2020&number_adults=2\" title=\"RESERVAR\" target=\"_blank\">RESERVAR<\/a>    <\/div>\r\n    [\/vc_column_inner][\/vc_row_inner][vc_empty_space][vc_row_inner el_id=\u00bbhover\u00bb][vc_column_inner width=\u00bb1\/4&#8243;][vc_single_image image=\u00bb1921&#8243; img_size=\u00bbfull\u00bb alignment=\u00bbcenter\u00bb][vc_empty_space][\/vc_column_inner][vc_column_inner width=\u00bb1\/4&#8243;][vc_empty_space][vc_single_image image=\u00bb1916&#8243; img_size=\u00bbfull\u00bb alignment=\u00bbcenter\u00bb][vc_empty_space][\/vc_column_inner][vc_column_inner width=\u00bb1\/4&#8243;][vc_single_image image=\u00bb2257&#8243; img_size=\u00bbfull\u00bb alignment=\u00bbcenter\u00bb][vc_empty_space][\/vc_column_inner][vc_column_inner width=\u00bb1\/4&#8243;][vc_empty_space][vc_single_image image=\u00bb1911&#8243; img_size=\u00bbfull\u00bb alignment=\u00bbcenter\u00bb][vc_empty_space][\/vc_column_inner][\/vc_row_inner][\/vc_column][\/vc_row][vc_row full_width=\u00bbstretch_row\u00bb css=\u00bb.vc_custom_1581959792402{padding-bottom: 200px !important;background-color: #f3bd6a !important;}\u00bb][vc_column]    <div class=\"lcv-title text-center text-white\">\r\n                    <div class=\"lcv-subtitle\">Lourdes<\/div>\r\n                <h2>El <span class=\"underscore\">lugar<\/span><\/h2>\r\n\r\n    <\/div>\r\n    [vc_empty_space][vc_column_text el_class=\u00bbtext-white\u00bb]A 5 minutos a pie de los santuarios y del centro de la ciudad, el Appart Hotel Saint Jean cuenta con una ubicaci\u00f3n ideal en el coraz\u00f3n de la ciudad mariana. Agradecer\u00e1 la proximidad de las tiendas y de los numerosos lugares de peregrinaciones. A los pies de los Pirineos, esc\u00e1pese al coraz\u00f3n de una regi\u00f3n con un patrimonio por conocer.[\/vc_column_text][\/vc_column][\/vc_row][vc_row css=\u00bb.vc_custom_1582276656653{margin-top: -150px !important;}\u00bb][vc_column][vc_images_carousel images=\u00bb2287,2280&#8243; img_size=\u00bb1106&#215;547&#8243; onclick=\u00bblink_no\u00bb hide_prev_next_buttons=\u00bbyes\u00bb wrap=\u00bbyes\u00bb css=\u00bb.vc_custom_1582276250032{border-top-width: 2px !important;border-right-width: 2px !important;border-left-width: 2px !important;padding-bottom: 2px !important;border-left-color: #ffffff !important;border-left-style: solid !important;border-right-color: #ffffff !important;border-right-style: solid !important;border-top-color: #ffffff !important;border-top-style: solid !important;border-radius: 2px !important;}\u00bb][\/vc_column][\/vc_row][vc_row full_width=\u00bbstretch_row\u00bb css=\u00bb.vc_custom_1581960420661{padding-top: 60px !important;padding-bottom: 60px !important;background-position: center !important;background-repeat: no-repeat !important;background-size: contain !important;}\u00bb][vc_column]    <div class=\"lcv-title text-center\">\r\n                    <div class=\"lcv-subtitle\">Saint-Jean<\/div>\r\n                <h2>La <span class=\"underscore\">residencia<\/span><\/h2>\r\n\r\n    <\/div>\r\n    [vc_empty_space][vc_column_text el_class=\u00bblettrine\u00bb]<\/p>\n<p style=\"text-align: center;\">Nuestras 48 amplias habitaciones, con vistas parciales al Gave de Pau y sus meandros, tienen capacidad para 1 a 5 personas. Encontrar\u00e1 una cama grande o dos camas individuales, un ba\u00f1o con ducha \/ ba\u00f1era y secador de pelo, TV y tel\u00e9fono. Los muebles modernos con m\u00faltiples espacios de almacenamiento le permiten instalarse c\u00f3modamente.<\/p>\n<p>[\/vc_column_text][vc_empty_space]    <div class=\"lcv-buttons text-center\">\r\n        <a class=\" btn-lcv-white\" href=\"\/es\/servicios-precios\/\" title=\"servicios\/precios\" >servicios\/precios<\/a><a class=\" btn-lcv-orange\" href=\"https:\/\/app.thebookingbutton.com\/properties\/AppartHotelSaintJeandirect?check_in_date=24-02-2020&check_out_date=25-02-2020&number_adults=2\" title=\"Reservar\" target=\"_blank\">Reservar<\/a>    <\/div>\r\n    [vc_empty_space][vc_video link=\u00bbhttps:\/\/www.youtube.com\/watch?v=JipGIL9fyNk&amp;t=1s\u00bb][\/vc_column][\/vc_row][vc_row full_width=\u00bbstretch_row\u00bb equal_height=\u00bbyes\u00bb css=\u00bb.vc_custom_1581961640684{background-color: #f6f6f6 !important;}\u00bb][vc_column width=\u00bb1\/4&#8243;][vc_empty_space][vc_single_image image=\u00bb2067&#8243; img_size=\u00bbfull\u00bb][vc_empty_space height=\u00bb30px\u00bb][vc_column_text]<strong>Internet<br \/>\n<\/strong><span lang=\"es\">disponible en todos los apartamentos<\/span>[\/vc_column_text][vc_empty_space][\/vc_column][vc_column width=\u00bb1\/4&#8243; css=\u00bb.vc_custom_1581961526451{border-left-width: 1px !important;border-left-color: #e9e9e9 !important;border-left-style: solid !important;border-radius: 1px !important;}\u00bb][vc_empty_space][vc_single_image image=\u00bb1854&#8243; img_size=\u00bbfull\u00bb][vc_empty_space height=\u00bb15px\u00bb][vc_column_text]<strong>Ascensor<\/strong><br \/>\nDentro de la residencia[\/vc_column_text][vc_empty_space][\/vc_column][vc_column width=\u00bb1\/4&#8243; css=\u00bb.vc_custom_1581961572948{border-left-width: 1px !important;border-left-color: #e9e9e9 !important;border-left-style: solid !important;border-radius: 1px !important;}\u00bb][vc_empty_space][vc_single_image image=\u00bb1864&#8243; img_size=\u00bbfull\u00bb][vc_empty_space height=\u00bb15px\u00bb][vc_column_text]<strong>Lavadora\u00a0<\/strong><br \/>\nautoservicio[\/vc_column_text][vc_empty_space][\/vc_column][vc_column width=\u00bb1\/4&#8243; css=\u00bb.vc_custom_1581961636311{border-left-width: 1px !important;border-left-color: #e9e9e9 !important;border-left-style: solid !important;border-radius: 1px !important;}\u00bb][vc_empty_space][vc_single_image image=\u00bb1859&#8243; img_size=\u00bbfull\u00bb][vc_empty_space height=\u00bb15px\u00bb][vc_column_text]<strong>Limpieza et ropa de cama<\/strong><br \/>\nincluido[\/vc_column_text][vc_empty_space][\/vc_column][\/vc_row]<\/p>\n<\/div>","protected":false},"excerpt":{"rendered":"<p>[vc_row full_width=\u00bbstretch_row\u00bb content_placement=\u00bbtop\u00bb css=\u00bb.vc_custom_1582290534892{padding-top: 30px !important;padding-bottom: 50px !important;background-image: url(https:\/\/www.saintjeanlourdes.com\/wp-content\/uploads\/2020\/02\/background-1.png?id=2265) !important;background-position: center !important;background-repeat: no-repeat !important;background-size: cover !important;}\u00bb el_id=\u00bbintro\u00bb][vc_column css=\u00bb.vc_custom_1579772873739{padding-top: 60px !important;}\u00bb][vc_row_inner [&hellip;]<\/p>\n","protected":false},"author":1,"featured_media":0,"parent":0,"menu_order":0,"comment_status":"closed","ping_status":"closed","template":"template-default.php","meta":{"footnotes":""},"class_list":["post-1759","page","type-page","status-publish","hentry"],"yoast_head":"<!-- This site is optimized with the Yoast SEO plugin v26.1.1 - https:\/\/yoast.com\/wordpress\/plugins\/seo\/ -->\n<title>Inicio - H\u00f4tel R\u00e9sidence Saint Jean Lourdes<\/title>\n<meta name=\"robots\" content=\"index, follow, max-snippet:-1, max-image-preview:large, max-video-preview:-1\" \/>\n<link rel=\"canonical\" href=\"https:\/\/www.saintjeanlourdes.com\/es\/\" \/>\n<meta property=\"og:locale\" content=\"es_ES\" \/>\n<meta property=\"og:type\" content=\"article\" \/>\n<meta property=\"og:title\" content=\"Inicio - H\u00f4tel R\u00e9sidence Saint Jean Lourdes\" \/>\n<meta property=\"og:description\" content=\"[vc_row full_width=\u00bbstretch_row\u00bb content_placement=\u00bbtop\u00bb css=\u00bb.vc_custom_1582290534892{padding-top: 30px !important;padding-bottom: 50px !important;background-image: url(https:\/\/www.saintjeanlourdes.com\/wp-content\/uploads\/2020\/02\/background-1.png?id=2265) !important;background-position: center !important;background-repeat: no-repeat !important;background-size: cover !important;}\u00bb el_id=\u00bbintro\u00bb][vc_column css=\u00bb.vc_custom_1579772873739{padding-top: 60px !important;}\u00bb][vc_row_inner [&hellip;]\" \/>\n<meta property=\"og:url\" content=\"https:\/\/www.saintjeanlourdes.com\/es\/\" \/>\n<meta property=\"og:site_name\" content=\"H\u00f4tel R\u00e9sidence Saint Jean Lourdes\" \/>\n<meta property=\"article:modified_time\" content=\"2023-09-27T14:03:34+00:00\" \/>\n<meta name=\"twitter:card\" content=\"summary_large_image\" \/>\n<meta name=\"twitter:label1\" content=\"Tiempo de lectura\" \/>\n\t<meta name=\"twitter:data1\" content=\"2 minutos\" \/>\n<script type=\"application\/ld+json\" class=\"yoast-schema-graph\">{\"@context\":\"https:\/\/schema.org\",\"@graph\":[{\"@type\":\"WebPage\",\"@id\":\"https:\/\/www.saintjeanlourdes.com\/es\/\",\"url\":\"https:\/\/www.saintjeanlourdes.com\/es\/\",\"name\":\"Inicio - H\u00f4tel R\u00e9sidence Saint Jean Lourdes\",\"isPartOf\":{\"@id\":\"https:\/\/www.saintjeanlourdes.com\/es\/#website\"},\"datePublished\":\"2020-01-16T11:19:59+00:00\",\"dateModified\":\"2023-09-27T14:03:34+00:00\",\"breadcrumb\":{\"@id\":\"https:\/\/www.saintjeanlourdes.com\/es\/#breadcrumb\"},\"inLanguage\":\"es\",\"potentialAction\":[{\"@type\":\"ReadAction\",\"target\":[\"https:\/\/www.saintjeanlourdes.com\/es\/\"]}]},{\"@type\":\"BreadcrumbList\",\"@id\":\"https:\/\/www.saintjeanlourdes.com\/es\/#breadcrumb\",\"itemListElement\":[{\"@type\":\"ListItem\",\"position\":1,\"name\":\"Inicio\",\"item\":\"https:\/\/www.saintjeanlourdes.com\/es\/\"},{\"@type\":\"ListItem\",\"position\":2,\"name\":\"Inicio\"}]},{\"@type\":\"WebSite\",\"@id\":\"https:\/\/www.saintjeanlourdes.com\/es\/#website\",\"url\":\"https:\/\/www.saintjeanlourdes.com\/es\/\",\"name\":\"H\u00f4tel R\u00e9sidence Saint Jean Lourdes\",\"description\":\"\",\"publisher\":{\"@id\":\"https:\/\/www.saintjeanlourdes.com\/es\/#organization\"},\"potentialAction\":[{\"@type\":\"SearchAction\",\"target\":{\"@type\":\"EntryPoint\",\"urlTemplate\":\"https:\/\/www.saintjeanlourdes.com\/es\/?s={search_term_string}\"},\"query-input\":{\"@type\":\"PropertyValueSpecification\",\"valueRequired\":true,\"valueName\":\"search_term_string\"}}],\"inLanguage\":\"es\"},{\"@type\":\"Organization\",\"@id\":\"https:\/\/www.saintjeanlourdes.com\/es\/#organization\",\"name\":\"H\u00f4tel R\u00e9sidence Saint Jean Lourdes\",\"url\":\"https:\/\/www.saintjeanlourdes.com\/es\/\",\"logo\":{\"@type\":\"ImageObject\",\"inLanguage\":\"es\",\"@id\":\"https:\/\/www.saintjeanlourdes.com\/es\/#\/schema\/logo\/image\/\",\"url\":\"https:\/\/www.saintjeanlourdes.com\/wp-content\/uploads\/2020\/02\/cropped-Appart-hotel-Saint-Jean-2.png\",\"contentUrl\":\"https:\/\/www.saintjeanlourdes.com\/wp-content\/uploads\/2020\/02\/cropped-Appart-hotel-Saint-Jean-2.png\",\"width\":572,\"height\":143,\"caption\":\"H\u00f4tel R\u00e9sidence Saint Jean Lourdes\"},\"image\":{\"@id\":\"https:\/\/www.saintjeanlourdes.com\/es\/#\/schema\/logo\/image\/\"}}]}<\/script>\n<!-- \/ Yoast SEO plugin. -->","yoast_head_json":{"title":"Inicio - H\u00f4tel R\u00e9sidence Saint Jean Lourdes","robots":{"index":"index","follow":"follow","max-snippet":"max-snippet:-1","max-image-preview":"max-image-preview:large","max-video-preview":"max-video-preview:-1"},"canonical":"https:\/\/www.saintjeanlourdes.com\/es\/","og_locale":"es_ES","og_type":"article","og_title":"Inicio - H\u00f4tel R\u00e9sidence Saint Jean Lourdes","og_description":"[vc_row full_width=\u00bbstretch_row\u00bb content_placement=\u00bbtop\u00bb css=\u00bb.vc_custom_1582290534892{padding-top: 30px !important;padding-bottom: 50px !important;background-image: url(https:\/\/www.saintjeanlourdes.com\/wp-content\/uploads\/2020\/02\/background-1.png?id=2265) !important;background-position: center !important;background-repeat: no-repeat !important;background-size: cover !important;}\u00bb el_id=\u00bbintro\u00bb][vc_column css=\u00bb.vc_custom_1579772873739{padding-top: 60px !important;}\u00bb][vc_row_inner [&hellip;]","og_url":"https:\/\/www.saintjeanlourdes.com\/es\/","og_site_name":"H\u00f4tel R\u00e9sidence Saint Jean Lourdes","article_modified_time":"2023-09-27T14:03:34+00:00","twitter_card":"summary_large_image","twitter_misc":{"Tiempo de lectura":"2 minutos"},"schema":{"@context":"https:\/\/schema.org","@graph":[{"@type":"WebPage","@id":"https:\/\/www.saintjeanlourdes.com\/es\/","url":"https:\/\/www.saintjeanlourdes.com\/es\/","name":"Inicio - H\u00f4tel R\u00e9sidence Saint Jean Lourdes","isPartOf":{"@id":"https:\/\/www.saintjeanlourdes.com\/es\/#website"},"datePublished":"2020-01-16T11:19:59+00:00","dateModified":"2023-09-27T14:03:34+00:00","breadcrumb":{"@id":"https:\/\/www.saintjeanlourdes.com\/es\/#breadcrumb"},"inLanguage":"es","potentialAction":[{"@type":"ReadAction","target":["https:\/\/www.saintjeanlourdes.com\/es\/"]}]},{"@type":"BreadcrumbList","@id":"https:\/\/www.saintjeanlourdes.com\/es\/#breadcrumb","itemListElement":[{"@type":"ListItem","position":1,"name":"Inicio","item":"https:\/\/www.saintjeanlourdes.com\/es\/"},{"@type":"ListItem","position":2,"name":"Inicio"}]},{"@type":"WebSite","@id":"https:\/\/www.saintjeanlourdes.com\/es\/#website","url":"https:\/\/www.saintjeanlourdes.com\/es\/","name":"H\u00f4tel R\u00e9sidence Saint Jean Lourdes","description":"","publisher":{"@id":"https:\/\/www.saintjeanlourdes.com\/es\/#organization"},"potentialAction":[{"@type":"SearchAction","target":{"@type":"EntryPoint","urlTemplate":"https:\/\/www.saintjeanlourdes.com\/es\/?s={search_term_string}"},"query-input":{"@type":"PropertyValueSpecification","valueRequired":true,"valueName":"search_term_string"}}],"inLanguage":"es"},{"@type":"Organization","@id":"https:\/\/www.saintjeanlourdes.com\/es\/#organization","name":"H\u00f4tel R\u00e9sidence Saint Jean Lourdes","url":"https:\/\/www.saintjeanlourdes.com\/es\/","logo":{"@type":"ImageObject","inLanguage":"es","@id":"https:\/\/www.saintjeanlourdes.com\/es\/#\/schema\/logo\/image\/","url":"https:\/\/www.saintjeanlourdes.com\/wp-content\/uploads\/2020\/02\/cropped-Appart-hotel-Saint-Jean-2.png","contentUrl":"https:\/\/www.saintjeanlourdes.com\/wp-content\/uploads\/2020\/02\/cropped-Appart-hotel-Saint-Jean-2.png","width":572,"height":143,"caption":"H\u00f4tel R\u00e9sidence Saint Jean Lourdes"},"image":{"@id":"https:\/\/www.saintjeanlourdes.com\/es\/#\/schema\/logo\/image\/"}}]}},"_links":{"self":[{"href":"https:\/\/www.saintjeanlourdes.com\/es\/wp-json\/wp\/v2\/pages\/1759","targetHints":{"allow":["GET"]}}],"collection":[{"href":"https:\/\/www.saintjeanlourdes.com\/es\/wp-json\/wp\/v2\/pages"}],"about":[{"href":"https:\/\/www.saintjeanlourdes.com\/es\/wp-json\/wp\/v2\/types\/page"}],"author":[{"embeddable":true,"href":"https:\/\/www.saintjeanlourdes.com\/es\/wp-json\/wp\/v2\/users\/1"}],"replies":[{"embeddable":true,"href":"https:\/\/www.saintjeanlourdes.com\/es\/wp-json\/wp\/v2\/comments?post=1759"}],"version-history":[{"count":77,"href":"https:\/\/www.saintjeanlourdes.com\/es\/wp-json\/wp\/v2\/pages\/1759\/revisions"}],"predecessor-version":[{"id":6839,"href":"https:\/\/www.saintjeanlourdes.com\/es\/wp-json\/wp\/v2\/pages\/1759\/revisions\/6839"}],"wp:attachment":[{"href":"https:\/\/www.saintjeanlourdes.com\/es\/wp-json\/wp\/v2\/media?parent=1759"}],"curies":[{"name":"wp","href":"https:\/\/api.w.org\/{rel}","templated":true}]}}