{"id":2660,"date":"2020-03-03T11:40:18","date_gmt":"2020-03-03T10:40:18","guid":{"rendered":"https:\/\/www.saintjeanlourdes.com\/conditions-generales-de-vente\/"},"modified":"2020-03-04T11:16:07","modified_gmt":"2020-03-04T10:16:07","slug":"agb","status":"publish","type":"page","link":"https:\/\/www.saintjeanlourdes.com\/de\/agb\/","title":{"rendered":"AGB"},"content":{"rendered":"<p><br>\n<!--StartFragment--><\/p>\n\n\n<h3 class=\"wp-block-heading\">Conditions G\u00e9n\u00e9rales de Vente<\/h3>\n\n\n\n<p><strong>Article 1 &#8211; Champ d\u2019application \u2013 Objet<\/strong><\/p>\n\n\n\n<p>Les pr\u00e9sentes conditions g\u00e9n\u00e9rales de vente d\u00e9finissent les relations contractuelles entre LOISIRS COTE VACANCES et les clients de nos h\u00f4tels et r\u00e9sidences, sauf d\u00e9rogation \u00e9crite particuli\u00e8re.&nbsp;Elles s&#8217;appliquent \u00e9galement \u00e0 toute r\u00e9servation effectu\u00e9e via notre centrale de r\u00e9servation, en direct aupr\u00e8s de nos h\u00f4tels et r\u00e9sidences, ou&nbsp;via Internet. L\u2019enregistrement de la r\u00e9servation et l\u2019envoi de la confirmation vaudront preuve de la transaction et acceptation des op\u00e9rations effectu\u00e9es. Toute r\u00e9servation valid\u00e9e entra\u00eene l\u2019acceptation expresse et compl\u00e8te de nos conditions g\u00e9n\u00e9rales de vente, la reconnaissance d\u2019en avoir parfaite connaissance et la renonciation \u00e0 se pr\u00e9valoir de ses propres conditions d\u2019achat ou d\u2019autres conditions.<\/p>\n\n\n\n<p><strong>Article 2 \u2013 R\u00e9servation et modalit\u00e9s de paiement<\/strong><\/p>\n\n\n\n<p>La r\u00e9servation d\u2019un appartement n\u2019est valable qu\u2019apr\u00e8s son&nbsp;acceptation&nbsp;par le service r\u00e9servations ou le responsable de la r\u00e9sidence. et&nbsp;le paiement d\u2019un acompte de 30% du montant total du s\u00e9jour pour les r\u00e9sidences et la fourniture d&#8217;une num\u00e9ro de carte bancaire comme garanti pour les h\u00f4tels. En cas de pr\u00e9paiement le solde doit \u00eatre r\u00e9gl\u00e9 30 jours avant votre date d\u2019arriv\u00e9e sans relance de notre part. A d\u00e9faut,&nbsp;nous nous r\u00e9servons la possibilit\u00e9 de consid\u00e9rer votre inscription annul\u00e9e et d\u2019appliquer les frais d\u2019annulation pr\u00e9vus.<\/p>\n\n\n\n<p>Pour la r\u00e9servation en ligne, le client est pleinement inform\u00e9 qu&#8217;un mois avant le d\u00e9part, le solde du prix du s\u00e9jour et, le cas \u00e9ch\u00e9ant, des prestations associ\u00e9es lui seront d\u00e9bit\u00e9s automatiquement et sans pr\u00e9avis sur le compte bancaire utilis\u00e9 au moment de la r\u00e9servation.<\/p>\n\n\n\n<p>Pour les r\u00e9servations effectu\u00e9es moins de 1 mois avant la date de d\u00e9but de s\u00e9jour, le r\u00e8glement int\u00e9gral doit \u00eatre effectu\u00e9 au moment de la r\u00e9servation.<\/p>\n\n\n\n<p>Pour les clients de passage et les s\u00e9jours mensuels, le r\u00e8glement se fera sur pr\u00e9sentation de la facture lors de l&#8217;arriv\u00e9e.<\/p>\n\n\n\n<p>Les factures seront \u00e9tablies&nbsp;au nom du r\u00e9sident ou de la personne morale qui prend en charge le s\u00e9jour. Le r\u00e9sident devra justifier la prise en charge par ladite personne morale de ses frais de s\u00e9jour, \u00e0 d\u00e9faut la facture sera \u00e9tablie \u00e0 son nom.<\/p>\n\n\n\n<p><strong>Article 3 &#8211; Annulation<\/strong><\/p>\n\n\n\n<p>Toute annulation de s\u00e9jour doit \u00eatre notifi\u00e9e par lettre recommand\u00e9e avec accus\u00e9 de r\u00e9ception adress\u00e9e \u00e0 notre service r\u00e9servations et sera prise en compte \u00e0 la date de r\u00e9ception.<\/p>\n\n\n\n<p><strong>R\u00e9sidences de LCV :<\/strong><\/p>\n\n\n\n<p>Des indemnit\u00e9s d\u2019annulation seront per\u00e7ues de plein droit et sans formalit\u00e9s dans les cas et aux conditions suivantes&nbsp;:<\/p>\n\n\n\n<ul class=\"wp-block-list\"><li>annulation plus de 7 jours avant votre date d\u2019arriv\u00e9e, les frais de dossier seront conserv\u00e9s.<\/li><li>annulation entre le 7\u00e8me et le 3\u00e8me jour avant votre date d\u2019arriv\u00e9e, 50 % du montant total du s\u00e9jour et les frais de dossiers seront conserv\u00e9s .<\/li><li>annulation 3 jours ou moins avant votre date d\u2019arriv\u00e9e ou non pr\u00e9sentation,&nbsp;100&nbsp;% du s\u00e9jour et les frais de dossier seront conserv\u00e9s.<\/li><\/ul>\n\n\n\n<p><strong>H\u00f4tels et R\u00e9sidences h\u00f4teli\u00e8res de LCV :<\/strong><\/p>\n\n\n\n<p>Des indemnit\u00e9s d\u2019annulation seront per\u00e7ues de plein droit et sans formalit\u00e9s dans les cas et aux conditions suivantes&nbsp;:<\/p>\n\n\n\n<ul class=\"wp-block-list\"><li>annulation 2 jours ou moins avant votre date d\u2019arriv\u00e9e ou non pr\u00e9sentation, la premi\u00e8re nuit du s\u00e9jour sera factur\u00e9 sur votre carte bancaire. Pour obtenir un \u00e9ventuel remboursement, nous vous conseillons de souscrire \u00e0 une assurance annulation &#8211; interruption de s\u00e9jour.<\/li><\/ul>\n\n\n\n<p><strong>Article 4 &#8211; Dur\u00e9e du s\u00e9jour<\/strong><\/p>\n\n\n\n<p>A l&#8217;exception des contrats sp\u00e9cifiques avec nos partenaires (&#8222;allotement&#8220;), aucun contrat de location ne pourra \u00eatre sign\u00e9 pour une dur\u00e9e sup\u00e9rieure \u00e0 1 mois.<\/p>\n\n\n\n<p><strong>Prolongation<\/strong><\/p>\n\n\n\n<p>Sous r\u00e9serve des disponibilit\u00e9s et \u00e0 la discr\u00e9tion du responsable de la r\u00e9sidence, la dur\u00e9e du s\u00e9jour peut \u00eatre prolong\u00e9e. Dans le cas d\u2019une prolongation, un nouveau contrat de location sera sign\u00e9. Toute prolongation n\u00e9cessite que soient sold\u00e9es au pr\u00e9alable toutes les sommes dues par le client au titre de son s\u00e9jour pr\u00e9c\u00e9dent.<\/p>\n\n\n\n<p><strong>D\u00e9part anticip\u00e9<\/strong><\/p>\n\n\n\n<p>Le s\u00e9jour peut \u00eatre interrompu avant le terme pr\u00e9vu contractuellement, en informant le responsable de r\u00e9sidence dans les d\u00e9lais suivants&nbsp;:<\/p>\n\n\n\n<ul class=\"wp-block-list\"><li>Plus de 48 heures \u00e0 l\u2019avance dans le cas d\u2019un s\u00e9jour de moins de 7 nuit\u00e9es.<\/li><li>Plus de 7 jours \u00e0 l\u2019avance dans le cas d\u2019un s\u00e9jour de 7 \u00e0 29 nuit\u00e9es.<\/li><\/ul>\n\n\n\n<p>En cas de d\u00e9part anticip\u00e9, le prix applicable sera celui correspondant \u00e0 la dur\u00e9e ainsi \u00e9court\u00e9e. Toute modification tarifaire li\u00e9e \u00e0 un d\u00e9part s\u2019appliquera r\u00e9troactivement sur le compte du client \u00e0 compter de la date de son arriv\u00e9e.<\/p>\n\n\n\n<p><strong>Article 5 \u2013 Arriv\u00e9e \/ D\u00e9part<\/strong><\/p>\n\n\n\n<p>R\u00e9sidences de LCV :<br>En haute saison, sauf accord expresse du service r\u00e9servation ou du responsable de la r\u00e9sidence, le s\u00e9jour minimum est de 7 nuits avec une arriv\u00e9e pr\u00e9vue le samedi, entre 17h et 20h, et un d\u00e9part le samedi suivant avant 10h.<\/p>\n\n\n\n<p>En basse saison, les jours d\u2019arriv\u00e9e sont libres, le minimum s\u00e9jour est de 2 nuit\u00e9es, avec une arriv\u00e9e \u00e0 partir de 17h et un d\u00e9part avant 10h.<\/p>\n\n\n\n<p><strong>Article 6 &#8211; Prix<\/strong><\/p>\n\n\n\n<p>Nos prix s\u2019entendent toutes taxes comprises et incluent sauf dispositions contraires pr\u00e9vues au contrat de location la mise \u00e0 disposition du logement et les charges (\u00e9lectricit\u00e9 en sus pour les locations mensuelles). La taxe de s\u00e9jour est par personne et jour \u00e0 partir de 13 ans et r\u00e9glable sur place.<\/p>\n\n\n<p><!--EndFragment--><br>\n<br>\n<\/p>","protected":false},"excerpt":{"rendered":"<p>Conditions G\u00e9n\u00e9rales de Vente Article 1 &#8211; Champ d\u2019application \u2013 Objet Les pr\u00e9sentes conditions g\u00e9n\u00e9rales de vente d\u00e9finissent les relations [&hellip;]<\/p>\n","protected":false},"author":1,"featured_media":0,"parent":0,"menu_order":0,"comment_status":"closed","ping_status":"closed","template":"template-default.php","meta":{"footnotes":""},"class_list":["post-2660","page","type-page","status-publish","hentry"],"yoast_head":"<!-- This site is optimized with the Yoast SEO plugin v26.1.1 - https:\/\/yoast.com\/wordpress\/plugins\/seo\/ -->\n<title>AGB - H\u00f4tel R\u00e9sidence Saint Jean Lourdes<\/title>\n<meta name=\"robots\" content=\"index, nofollow, max-snippet:-1, max-image-preview:large, max-video-preview:-1\" \/>\n<link rel=\"canonical\" href=\"https:\/\/www.saintjeanlourdes.com\/de\/agb\/\" \/>\n<meta property=\"og:locale\" content=\"de_DE\" \/>\n<meta property=\"og:type\" content=\"article\" \/>\n<meta property=\"og:title\" content=\"AGB - H\u00f4tel R\u00e9sidence Saint Jean Lourdes\" \/>\n<meta property=\"og:description\" content=\"Conditions G\u00e9n\u00e9rales de Vente Article 1 &#8211; Champ d\u2019application \u2013 Objet Les pr\u00e9sentes conditions g\u00e9n\u00e9rales de vente d\u00e9finissent les relations [&hellip;]\" \/>\n<meta property=\"og:url\" content=\"https:\/\/www.saintjeanlourdes.com\/de\/agb\/\" \/>\n<meta property=\"og:site_name\" content=\"H\u00f4tel R\u00e9sidence Saint Jean Lourdes\" \/>\n<meta property=\"article:modified_time\" content=\"2020-03-04T10:16:07+00:00\" \/>\n<meta name=\"twitter:card\" content=\"summary_large_image\" \/>\n<meta name=\"twitter:label1\" content=\"Gesch\u00e4tzte Lesezeit\" \/>\n\t<meta name=\"twitter:data1\" content=\"5\u00a0Minuten\" \/>\n<script type=\"application\/ld+json\" class=\"yoast-schema-graph\">{\"@context\":\"https:\/\/schema.org\",\"@graph\":[{\"@type\":\"WebPage\",\"@id\":\"https:\/\/www.saintjeanlourdes.com\/de\/agb\/\",\"url\":\"https:\/\/www.saintjeanlourdes.com\/de\/agb\/\",\"name\":\"AGB - H\u00f4tel R\u00e9sidence Saint Jean Lourdes\",\"isPartOf\":{\"@id\":\"https:\/\/www.saintjeanlourdes.com\/de\/#website\"},\"datePublished\":\"2020-03-03T10:40:18+00:00\",\"dateModified\":\"2020-03-04T10:16:07+00:00\",\"breadcrumb\":{\"@id\":\"https:\/\/www.saintjeanlourdes.com\/de\/agb\/#breadcrumb\"},\"inLanguage\":\"de\",\"potentialAction\":[{\"@type\":\"ReadAction\",\"target\":[\"https:\/\/www.saintjeanlourdes.com\/de\/agb\/\"]}]},{\"@type\":\"BreadcrumbList\",\"@id\":\"https:\/\/www.saintjeanlourdes.com\/de\/agb\/#breadcrumb\",\"itemListElement\":[{\"@type\":\"ListItem\",\"position\":1,\"name\":\"Home\",\"item\":\"https:\/\/www.saintjeanlourdes.com\/de\/\"},{\"@type\":\"ListItem\",\"position\":2,\"name\":\"AGB\"}]},{\"@type\":\"WebSite\",\"@id\":\"https:\/\/www.saintjeanlourdes.com\/de\/#website\",\"url\":\"https:\/\/www.saintjeanlourdes.com\/de\/\",\"name\":\"H\u00f4tel R\u00e9sidence Saint Jean Lourdes\",\"description\":\"\",\"publisher\":{\"@id\":\"https:\/\/www.saintjeanlourdes.com\/de\/#organization\"},\"potentialAction\":[{\"@type\":\"SearchAction\",\"target\":{\"@type\":\"EntryPoint\",\"urlTemplate\":\"https:\/\/www.saintjeanlourdes.com\/de\/?s={search_term_string}\"},\"query-input\":{\"@type\":\"PropertyValueSpecification\",\"valueRequired\":true,\"valueName\":\"search_term_string\"}}],\"inLanguage\":\"de\"},{\"@type\":\"Organization\",\"@id\":\"https:\/\/www.saintjeanlourdes.com\/de\/#organization\",\"name\":\"H\u00f4tel R\u00e9sidence Saint Jean Lourdes\",\"url\":\"https:\/\/www.saintjeanlourdes.com\/de\/\",\"logo\":{\"@type\":\"ImageObject\",\"inLanguage\":\"de\",\"@id\":\"https:\/\/www.saintjeanlourdes.com\/de\/#\/schema\/logo\/image\/\",\"url\":\"https:\/\/www.saintjeanlourdes.com\/wp-content\/uploads\/2020\/02\/cropped-Appart-hotel-Saint-Jean-2.png\",\"contentUrl\":\"https:\/\/www.saintjeanlourdes.com\/wp-content\/uploads\/2020\/02\/cropped-Appart-hotel-Saint-Jean-2.png\",\"width\":572,\"height\":143,\"caption\":\"H\u00f4tel R\u00e9sidence Saint Jean Lourdes\"},\"image\":{\"@id\":\"https:\/\/www.saintjeanlourdes.com\/de\/#\/schema\/logo\/image\/\"}}]}<\/script>\n<!-- \/ Yoast SEO plugin. -->","yoast_head_json":{"title":"AGB - H\u00f4tel R\u00e9sidence Saint Jean Lourdes","robots":{"index":"index","follow":"nofollow","max-snippet":"max-snippet:-1","max-image-preview":"max-image-preview:large","max-video-preview":"max-video-preview:-1"},"canonical":"https:\/\/www.saintjeanlourdes.com\/de\/agb\/","og_locale":"de_DE","og_type":"article","og_title":"AGB - H\u00f4tel R\u00e9sidence Saint Jean Lourdes","og_description":"Conditions G\u00e9n\u00e9rales de Vente Article 1 &#8211; Champ d\u2019application \u2013 Objet Les pr\u00e9sentes conditions g\u00e9n\u00e9rales de vente d\u00e9finissent les relations [&hellip;]","og_url":"https:\/\/www.saintjeanlourdes.com\/de\/agb\/","og_site_name":"H\u00f4tel R\u00e9sidence Saint Jean Lourdes","article_modified_time":"2020-03-04T10:16:07+00:00","twitter_card":"summary_large_image","twitter_misc":{"Gesch\u00e4tzte Lesezeit":"5\u00a0Minuten"},"schema":{"@context":"https:\/\/schema.org","@graph":[{"@type":"WebPage","@id":"https:\/\/www.saintjeanlourdes.com\/de\/agb\/","url":"https:\/\/www.saintjeanlourdes.com\/de\/agb\/","name":"AGB - H\u00f4tel R\u00e9sidence Saint Jean Lourdes","isPartOf":{"@id":"https:\/\/www.saintjeanlourdes.com\/de\/#website"},"datePublished":"2020-03-03T10:40:18+00:00","dateModified":"2020-03-04T10:16:07+00:00","breadcrumb":{"@id":"https:\/\/www.saintjeanlourdes.com\/de\/agb\/#breadcrumb"},"inLanguage":"de","potentialAction":[{"@type":"ReadAction","target":["https:\/\/www.saintjeanlourdes.com\/de\/agb\/"]}]},{"@type":"BreadcrumbList","@id":"https:\/\/www.saintjeanlourdes.com\/de\/agb\/#breadcrumb","itemListElement":[{"@type":"ListItem","position":1,"name":"Home","item":"https:\/\/www.saintjeanlourdes.com\/de\/"},{"@type":"ListItem","position":2,"name":"AGB"}]},{"@type":"WebSite","@id":"https:\/\/www.saintjeanlourdes.com\/de\/#website","url":"https:\/\/www.saintjeanlourdes.com\/de\/","name":"H\u00f4tel R\u00e9sidence Saint Jean Lourdes","description":"","publisher":{"@id":"https:\/\/www.saintjeanlourdes.com\/de\/#organization"},"potentialAction":[{"@type":"SearchAction","target":{"@type":"EntryPoint","urlTemplate":"https:\/\/www.saintjeanlourdes.com\/de\/?s={search_term_string}"},"query-input":{"@type":"PropertyValueSpecification","valueRequired":true,"valueName":"search_term_string"}}],"inLanguage":"de"},{"@type":"Organization","@id":"https:\/\/www.saintjeanlourdes.com\/de\/#organization","name":"H\u00f4tel R\u00e9sidence Saint Jean Lourdes","url":"https:\/\/www.saintjeanlourdes.com\/de\/","logo":{"@type":"ImageObject","inLanguage":"de","@id":"https:\/\/www.saintjeanlourdes.com\/de\/#\/schema\/logo\/image\/","url":"https:\/\/www.saintjeanlourdes.com\/wp-content\/uploads\/2020\/02\/cropped-Appart-hotel-Saint-Jean-2.png","contentUrl":"https:\/\/www.saintjeanlourdes.com\/wp-content\/uploads\/2020\/02\/cropped-Appart-hotel-Saint-Jean-2.png","width":572,"height":143,"caption":"H\u00f4tel R\u00e9sidence Saint Jean Lourdes"},"image":{"@id":"https:\/\/www.saintjeanlourdes.com\/de\/#\/schema\/logo\/image\/"}}]}},"_links":{"self":[{"href":"https:\/\/www.saintjeanlourdes.com\/de\/wp-json\/wp\/v2\/pages\/2660","targetHints":{"allow":["GET"]}}],"collection":[{"href":"https:\/\/www.saintjeanlourdes.com\/de\/wp-json\/wp\/v2\/pages"}],"about":[{"href":"https:\/\/www.saintjeanlourdes.com\/de\/wp-json\/wp\/v2\/types\/page"}],"author":[{"embeddable":true,"href":"https:\/\/www.saintjeanlourdes.com\/de\/wp-json\/wp\/v2\/users\/1"}],"replies":[{"embeddable":true,"href":"https:\/\/www.saintjeanlourdes.com\/de\/wp-json\/wp\/v2\/comments?post=2660"}],"version-history":[{"count":2,"href":"https:\/\/www.saintjeanlourdes.com\/de\/wp-json\/wp\/v2\/pages\/2660\/revisions"}],"predecessor-version":[{"id":2751,"href":"https:\/\/www.saintjeanlourdes.com\/de\/wp-json\/wp\/v2\/pages\/2660\/revisions\/2751"}],"wp:attachment":[{"href":"https:\/\/www.saintjeanlourdes.com\/de\/wp-json\/wp\/v2\/media?parent=2660"}],"curies":[{"name":"wp","href":"https:\/\/api.w.org\/{rel}","templated":true}]}}