{"id":2458,"date":"2020-01-16T12:19:59","date_gmt":"2020-01-16T11:19:59","guid":{"rendered":"https:\/\/www.saintjeanlourdes.com\/accueil\/"},"modified":"2023-09-27T16:02:47","modified_gmt":"2023-09-27T14:02:47","slug":"accueil","status":"publish","type":"page","link":"https:\/\/www.saintjeanlourdes.com\/de\/","title":{"rendered":"Home"},"content":{"rendered":"<div class=\"wpb-content-wrapper\"><p>[vc_row full_width=&#8220;stretch_row&#8220; content_placement=&#8220;top&#8220; css=&#8220;.vc_custom_1582290534892{padding-top: 30px !important;padding-bottom: 50px !important;background-image: url(https:\/\/www.saintjeanlourdes.com\/wp-content\/uploads\/2020\/02\/background-1.png?id=2265) !important;background-position: center !important;background-repeat: no-repeat !important;background-size: cover !important;}&#8220; el_id=&#8220;intro&#8220;][vc_column css=&#8220;.vc_custom_1579772873739{padding-top: 60px !important;}&#8220;][vc_row_inner css=&#8220;.vc_custom_1582275648245{margin-top: -30px !important;background-image: url(https:\/\/www.saintjeanlourdes.com\/wp-content\/uploads\/2020\/02\/rond-gris.png?id=1893) !important;background-position: center !important;background-repeat: no-repeat !important;background-size: contain !important;}&#8220;][vc_column_inner][vc_empty_space height=&#8220;40px&#8220;][vc_column_text el_class=&#8220;letter-spacing&#8220;]<\/p>\n<h1 style=\"text-align: center;\"><strong><span style=\"color: #0976aa;\">Mieten in der Stadt<\/span><\/strong><\/h1>\n<p>[\/vc_column_text]    <div class=\"lcv-title header text-center script grey\">\r\n                <h2>Buchen Sie hier Ihren <span class=\"underscore\">Aufenthalt<\/span><\/h2>\r\n\r\n    <\/div>\r\n    [vc_empty_space height=&#8220;20px&#8220;]    <div class=\"lcv-buttons text-center\">\r\n        <a class=\" btn-lcv-orange\" href=\"https:\/\/app.thebookingbutton.com\/properties\/AppartHotelSaintJeandirect?check_in_date=24-02-2020&check_out_date=25-02-2020&number_adults=2\" title=\"BUCHEN\" target=\"_blank\">BUCHEN<\/a>    <\/div>\r\n    [\/vc_column_inner][\/vc_row_inner][vc_empty_space][vc_row_inner el_id=&#8220;hover&#8220;][vc_column_inner width=&#8220;1\/4&#8243;][vc_single_image image=&#8220;1921&#8243; img_size=&#8220;full&#8220; alignment=&#8220;center&#8220;][vc_empty_space][\/vc_column_inner][vc_column_inner width=&#8220;1\/4&#8243;][vc_empty_space][vc_single_image image=&#8220;1916&#8243; img_size=&#8220;full&#8220; alignment=&#8220;center&#8220;][vc_empty_space][\/vc_column_inner][vc_column_inner width=&#8220;1\/4&#8243;][vc_single_image image=&#8220;2257&#8243; img_size=&#8220;full&#8220; alignment=&#8220;center&#8220;][vc_empty_space][\/vc_column_inner][vc_column_inner width=&#8220;1\/4&#8243;][vc_empty_space][vc_single_image image=&#8220;1911&#8243; img_size=&#8220;full&#8220; alignment=&#8220;center&#8220;][vc_empty_space][\/vc_column_inner][\/vc_row_inner][\/vc_column][\/vc_row][vc_row full_width=&#8220;stretch_row&#8220; css=&#8220;.vc_custom_1581959792402{padding-bottom: 200px !important;background-color: #f3bd6a !important;}&#8220;][vc_column]    <div class=\"lcv-title text-center text-white\">\r\n                    <div class=\"lcv-subtitle\">Lourdes<\/div>\r\n                <h2>Die <span class=\"underscore\">Stadt<\/span><\/h2>\r\n\r\n    <\/div>\r\n    [vc_empty_space][vc_column_text el_class=&#8220;text-white&#8220;]<\/p>\n<p style=\"text-align: center;\">Das Appart Hotel Saint Jean befindet sich in idealer Lage im Herzen der Marienstadt, nur 5 Gehminuten von den Heiligt\u00fcmern und dem Stadtzentrum entfernt. Sie werden die N\u00e4he der Gesch\u00e4fte und die vielen Wallfahrtsorte zu sch\u00e4tzen wissen. Am Fu\u00dfe der Pyren\u00e4en entfliehen Sie dem Herzen einer Region mit unerwartetem Erbe.<\/p>\n<p>[\/vc_column_text][\/vc_column][\/vc_row][vc_row css=&#8220;.vc_custom_1582276656653{margin-top: -150px !important;}&#8220;][vc_column][vc_images_carousel images=&#8220;2287,2280&#8243; img_size=&#8220;1106&#215;547&#8243; onclick=&#8220;link_no&#8220; hide_prev_next_buttons=&#8220;yes&#8220; wrap=&#8220;yes&#8220; css=&#8220;.vc_custom_1582276250032{border-top-width: 2px !important;border-right-width: 2px !important;border-left-width: 2px !important;padding-bottom: 2px !important;border-left-color: #ffffff !important;border-left-style: solid !important;border-right-color: #ffffff !important;border-right-style: solid !important;border-top-color: #ffffff !important;border-top-style: solid !important;border-radius: 2px !important;}&#8220;][\/vc_column][\/vc_row][vc_row full_width=&#8220;stretch_row&#8220; css=&#8220;.vc_custom_1581960420661{padding-top: 60px !important;padding-bottom: 60px !important;background-position: center !important;background-repeat: no-repeat !important;background-size: contain !important;}&#8220;][vc_column]    <div class=\"lcv-title text-center\">\r\n                    <div class=\"lcv-subtitle\">Saint-Jean<\/div>\r\n                <h2>Das <span class=\"underscore\">Appart'hotel<\/span><\/h2>\r\n\r\n    <\/div>\r\n    [vc_empty_space][vc_column_text el_class=&#8220;lettrine&#8220;]<\/p>\n<p style=\"text-align: center;\">Unsere 48 ger\u00e4umigen Zimmer mit teilweisem Blick auf die Gave de Pau und ihre M\u00e4ander bieten Platz f\u00fcr 1 bis 5 Personen. Sie finden ein gro\u00dfes Bett oder zwei Einzelbetten, ein Badezimmer mit Dusche \/ Badewanne und Haartrockner, TV und Telefon. Moderne M\u00f6bel mit mehreren Staur\u00e4umen erm\u00f6glichen es Ihnen, sich bequem niederzulassen<\/p>\n<p>[\/vc_column_text][vc_empty_space]    <div class=\"lcv-buttons text-center\">\r\n        <a class=\" btn-lcv-white\" href=\"\/de\/dienste-preise\/\" title=\"Service-Preise\" >Service-Preise<\/a><a class=\" btn-lcv-orange\" href=\"https:\/\/app.thebookingbutton.com\/properties\/AppartHotelSaintJeandirect?check_in_date=24-02-2020&check_out_date=25-02-2020&number_adults=2\" title=\"BUCHEN\" target=\"_blank\">BUCHEN<\/a>    <\/div>\r\n    [vc_empty_space][vc_video link=&#8220;https:\/\/www.youtube.com\/watch?v=JipGIL9fyNk&amp;t=1s&#8220;][\/vc_column][\/vc_row][vc_row full_width=&#8220;stretch_row&#8220; equal_height=&#8220;yes&#8220; css=&#8220;.vc_custom_1581961640684{background-color: #f6f6f6 !important;}&#8220;][vc_column width=&#8220;1\/4&#8243;][vc_empty_space][vc_single_image image=&#8220;2067&#8243; img_size=&#8220;full&#8220;][vc_empty_space height=&#8220;30px&#8220;][vc_column_text]<strong>Wlan Internet<\/strong><br \/>\nZugriff in allen Wohnungen[\/vc_column_text][vc_empty_space][\/vc_column][vc_column width=&#8220;1\/4&#8243; css=&#8220;.vc_custom_1581961526451{border-left-width: 1px !important;border-left-color: #e9e9e9 !important;border-left-style: solid !important;border-radius: 1px !important;}&#8220;][vc_empty_space][vc_single_image image=&#8220;1854&#8243; img_size=&#8220;full&#8220;][vc_empty_space height=&#8220;15px&#8220;][vc_column_text]<b>Aufzug<\/b><br \/>\nim Hotel[\/vc_column_text][vc_empty_space][\/vc_column][vc_column width=&#8220;1\/4&#8243; css=&#8220;.vc_custom_1581961572948{border-left-width: 1px !important;border-left-color: #e9e9e9 !important;border-left-style: solid !important;border-radius: 1px !important;}&#8220;][vc_empty_space][vc_single_image image=&#8220;1864&#8243; img_size=&#8220;full&#8220;][vc_empty_space height=&#8220;15px&#8220;][vc_column_text]<strong>Waschmaschine\u00a0<\/strong><br \/>\nzur freien Verf\u00fcgung (kostenpflichtig)[\/vc_column_text][vc_empty_space][\/vc_column][vc_column width=&#8220;1\/4&#8243; css=&#8220;.vc_custom_1581961636311{border-left-width: 1px !important;border-left-color: #e9e9e9 !important;border-left-style: solid !important;border-radius: 1px !important;}&#8220;][vc_empty_space][vc_single_image image=&#8220;1859&#8243; img_size=&#8220;full&#8220;][vc_empty_space height=&#8220;15px&#8220;][vc_column_text]<strong>Reinigung und W\u00e4sche<\/strong><br \/>\ninklusive[\/vc_column_text][vc_empty_space][\/vc_column][\/vc_row]<\/p>\n<\/div>","protected":false},"excerpt":{"rendered":"<p>[vc_row full_width=&#8220;stretch_row&#8220; content_placement=&#8220;top&#8220; css=&#8220;.vc_custom_1582290534892{padding-top: 30px !important;padding-bottom: 50px !important;background-image: url(https:\/\/www.saintjeanlourdes.com\/wp-content\/uploads\/2020\/02\/background-1.png?id=2265) !important;background-position: center !important;background-repeat: no-repeat !important;background-size: cover !important;}&#8220; el_id=&#8220;intro&#8220;][vc_column css=&#8220;.vc_custom_1579772873739{padding-top: 60px !important;}&#8220;][vc_row_inner [&hellip;]<\/p>\n","protected":false},"author":1,"featured_media":0,"parent":0,"menu_order":0,"comment_status":"closed","ping_status":"closed","template":"template-default.php","meta":{"footnotes":""},"class_list":["post-2458","page","type-page","status-publish","hentry"],"yoast_head":"<!-- This site is optimized with the Yoast SEO plugin v26.1.1 - https:\/\/yoast.com\/wordpress\/plugins\/seo\/ -->\n<title>Home - H\u00f4tel R\u00e9sidence Saint Jean Lourdes<\/title>\n<meta name=\"robots\" content=\"index, follow, max-snippet:-1, max-image-preview:large, max-video-preview:-1\" \/>\n<link rel=\"canonical\" href=\"https:\/\/www.saintjeanlourdes.com\/de\/\" \/>\n<meta property=\"og:locale\" content=\"de_DE\" \/>\n<meta property=\"og:type\" content=\"article\" \/>\n<meta property=\"og:title\" content=\"Home - H\u00f4tel R\u00e9sidence Saint Jean Lourdes\" \/>\n<meta property=\"og:description\" content=\"[vc_row full_width=&#8220;stretch_row&#8220; content_placement=&#8220;top&#8220; css=&#8220;.vc_custom_1582290534892{padding-top: 30px !important;padding-bottom: 50px !important;background-image: url(https:\/\/www.saintjeanlourdes.com\/wp-content\/uploads\/2020\/02\/background-1.png?id=2265) !important;background-position: center !important;background-repeat: no-repeat !important;background-size: cover !important;}&#8220; el_id=&#8220;intro&#8220;][vc_column css=&#8220;.vc_custom_1579772873739{padding-top: 60px !important;}&#8220;][vc_row_inner [&hellip;]\" \/>\n<meta property=\"og:url\" content=\"https:\/\/www.saintjeanlourdes.com\/de\/\" \/>\n<meta property=\"og:site_name\" content=\"H\u00f4tel R\u00e9sidence Saint Jean Lourdes\" \/>\n<meta property=\"article:modified_time\" content=\"2023-09-27T14:02:47+00:00\" \/>\n<meta name=\"twitter:card\" content=\"summary_large_image\" \/>\n<meta name=\"twitter:label1\" content=\"Gesch\u00e4tzte Lesezeit\" \/>\n\t<meta name=\"twitter:data1\" content=\"2\u00a0Minuten\" \/>\n<script type=\"application\/ld+json\" class=\"yoast-schema-graph\">{\"@context\":\"https:\/\/schema.org\",\"@graph\":[{\"@type\":\"WebPage\",\"@id\":\"https:\/\/www.saintjeanlourdes.com\/de\/\",\"url\":\"https:\/\/www.saintjeanlourdes.com\/de\/\",\"name\":\"Home - H\u00f4tel R\u00e9sidence Saint Jean Lourdes\",\"isPartOf\":{\"@id\":\"https:\/\/www.saintjeanlourdes.com\/de\/#website\"},\"datePublished\":\"2020-01-16T11:19:59+00:00\",\"dateModified\":\"2023-09-27T14:02:47+00:00\",\"breadcrumb\":{\"@id\":\"https:\/\/www.saintjeanlourdes.com\/de\/#breadcrumb\"},\"inLanguage\":\"de\",\"potentialAction\":[{\"@type\":\"ReadAction\",\"target\":[\"https:\/\/www.saintjeanlourdes.com\/de\/\"]}]},{\"@type\":\"BreadcrumbList\",\"@id\":\"https:\/\/www.saintjeanlourdes.com\/de\/#breadcrumb\",\"itemListElement\":[{\"@type\":\"ListItem\",\"position\":1,\"name\":\"Home\",\"item\":\"https:\/\/www.saintjeanlourdes.com\/de\/\"},{\"@type\":\"ListItem\",\"position\":2,\"name\":\"Home\"}]},{\"@type\":\"WebSite\",\"@id\":\"https:\/\/www.saintjeanlourdes.com\/de\/#website\",\"url\":\"https:\/\/www.saintjeanlourdes.com\/de\/\",\"name\":\"H\u00f4tel R\u00e9sidence Saint Jean Lourdes\",\"description\":\"\",\"publisher\":{\"@id\":\"https:\/\/www.saintjeanlourdes.com\/de\/#organization\"},\"potentialAction\":[{\"@type\":\"SearchAction\",\"target\":{\"@type\":\"EntryPoint\",\"urlTemplate\":\"https:\/\/www.saintjeanlourdes.com\/de\/?s={search_term_string}\"},\"query-input\":{\"@type\":\"PropertyValueSpecification\",\"valueRequired\":true,\"valueName\":\"search_term_string\"}}],\"inLanguage\":\"de\"},{\"@type\":\"Organization\",\"@id\":\"https:\/\/www.saintjeanlourdes.com\/de\/#organization\",\"name\":\"H\u00f4tel R\u00e9sidence Saint Jean Lourdes\",\"url\":\"https:\/\/www.saintjeanlourdes.com\/de\/\",\"logo\":{\"@type\":\"ImageObject\",\"inLanguage\":\"de\",\"@id\":\"https:\/\/www.saintjeanlourdes.com\/de\/#\/schema\/logo\/image\/\",\"url\":\"https:\/\/www.saintjeanlourdes.com\/wp-content\/uploads\/2020\/02\/cropped-Appart-hotel-Saint-Jean-2.png\",\"contentUrl\":\"https:\/\/www.saintjeanlourdes.com\/wp-content\/uploads\/2020\/02\/cropped-Appart-hotel-Saint-Jean-2.png\",\"width\":572,\"height\":143,\"caption\":\"H\u00f4tel R\u00e9sidence Saint Jean Lourdes\"},\"image\":{\"@id\":\"https:\/\/www.saintjeanlourdes.com\/de\/#\/schema\/logo\/image\/\"}}]}<\/script>\n<!-- \/ Yoast SEO plugin. -->","yoast_head_json":{"title":"Home - H\u00f4tel R\u00e9sidence Saint Jean Lourdes","robots":{"index":"index","follow":"follow","max-snippet":"max-snippet:-1","max-image-preview":"max-image-preview:large","max-video-preview":"max-video-preview:-1"},"canonical":"https:\/\/www.saintjeanlourdes.com\/de\/","og_locale":"de_DE","og_type":"article","og_title":"Home - H\u00f4tel R\u00e9sidence Saint Jean Lourdes","og_description":"[vc_row full_width=&#8220;stretch_row&#8220; content_placement=&#8220;top&#8220; css=&#8220;.vc_custom_1582290534892{padding-top: 30px !important;padding-bottom: 50px !important;background-image: url(https:\/\/www.saintjeanlourdes.com\/wp-content\/uploads\/2020\/02\/background-1.png?id=2265) !important;background-position: center !important;background-repeat: no-repeat !important;background-size: cover !important;}&#8220; el_id=&#8220;intro&#8220;][vc_column css=&#8220;.vc_custom_1579772873739{padding-top: 60px !important;}&#8220;][vc_row_inner [&hellip;]","og_url":"https:\/\/www.saintjeanlourdes.com\/de\/","og_site_name":"H\u00f4tel R\u00e9sidence Saint Jean Lourdes","article_modified_time":"2023-09-27T14:02:47+00:00","twitter_card":"summary_large_image","twitter_misc":{"Gesch\u00e4tzte Lesezeit":"2\u00a0Minuten"},"schema":{"@context":"https:\/\/schema.org","@graph":[{"@type":"WebPage","@id":"https:\/\/www.saintjeanlourdes.com\/de\/","url":"https:\/\/www.saintjeanlourdes.com\/de\/","name":"Home - H\u00f4tel R\u00e9sidence Saint Jean Lourdes","isPartOf":{"@id":"https:\/\/www.saintjeanlourdes.com\/de\/#website"},"datePublished":"2020-01-16T11:19:59+00:00","dateModified":"2023-09-27T14:02:47+00:00","breadcrumb":{"@id":"https:\/\/www.saintjeanlourdes.com\/de\/#breadcrumb"},"inLanguage":"de","potentialAction":[{"@type":"ReadAction","target":["https:\/\/www.saintjeanlourdes.com\/de\/"]}]},{"@type":"BreadcrumbList","@id":"https:\/\/www.saintjeanlourdes.com\/de\/#breadcrumb","itemListElement":[{"@type":"ListItem","position":1,"name":"Home","item":"https:\/\/www.saintjeanlourdes.com\/de\/"},{"@type":"ListItem","position":2,"name":"Home"}]},{"@type":"WebSite","@id":"https:\/\/www.saintjeanlourdes.com\/de\/#website","url":"https:\/\/www.saintjeanlourdes.com\/de\/","name":"H\u00f4tel R\u00e9sidence Saint Jean Lourdes","description":"","publisher":{"@id":"https:\/\/www.saintjeanlourdes.com\/de\/#organization"},"potentialAction":[{"@type":"SearchAction","target":{"@type":"EntryPoint","urlTemplate":"https:\/\/www.saintjeanlourdes.com\/de\/?s={search_term_string}"},"query-input":{"@type":"PropertyValueSpecification","valueRequired":true,"valueName":"search_term_string"}}],"inLanguage":"de"},{"@type":"Organization","@id":"https:\/\/www.saintjeanlourdes.com\/de\/#organization","name":"H\u00f4tel R\u00e9sidence Saint Jean Lourdes","url":"https:\/\/www.saintjeanlourdes.com\/de\/","logo":{"@type":"ImageObject","inLanguage":"de","@id":"https:\/\/www.saintjeanlourdes.com\/de\/#\/schema\/logo\/image\/","url":"https:\/\/www.saintjeanlourdes.com\/wp-content\/uploads\/2020\/02\/cropped-Appart-hotel-Saint-Jean-2.png","contentUrl":"https:\/\/www.saintjeanlourdes.com\/wp-content\/uploads\/2020\/02\/cropped-Appart-hotel-Saint-Jean-2.png","width":572,"height":143,"caption":"H\u00f4tel R\u00e9sidence Saint Jean Lourdes"},"image":{"@id":"https:\/\/www.saintjeanlourdes.com\/de\/#\/schema\/logo\/image\/"}}]}},"_links":{"self":[{"href":"https:\/\/www.saintjeanlourdes.com\/de\/wp-json\/wp\/v2\/pages\/2458","targetHints":{"allow":["GET"]}}],"collection":[{"href":"https:\/\/www.saintjeanlourdes.com\/de\/wp-json\/wp\/v2\/pages"}],"about":[{"href":"https:\/\/www.saintjeanlourdes.com\/de\/wp-json\/wp\/v2\/types\/page"}],"author":[{"embeddable":true,"href":"https:\/\/www.saintjeanlourdes.com\/de\/wp-json\/wp\/v2\/users\/1"}],"replies":[{"embeddable":true,"href":"https:\/\/www.saintjeanlourdes.com\/de\/wp-json\/wp\/v2\/comments?post=2458"}],"version-history":[{"count":14,"href":"https:\/\/www.saintjeanlourdes.com\/de\/wp-json\/wp\/v2\/pages\/2458\/revisions"}],"predecessor-version":[{"id":6837,"href":"https:\/\/www.saintjeanlourdes.com\/de\/wp-json\/wp\/v2\/pages\/2458\/revisions\/6837"}],"wp:attachment":[{"href":"https:\/\/www.saintjeanlourdes.com\/de\/wp-json\/wp\/v2\/media?parent=2458"}],"curies":[{"name":"wp","href":"https:\/\/api.w.org\/{rel}","templated":true}]}}