{"id":1768,"date":"2020-01-26T22:09:50","date_gmt":"2020-01-26T21:09:50","guid":{"rendered":"https:\/\/www.saintjeanlourdes.com\/contact\/"},"modified":"2020-09-15T17:13:50","modified_gmt":"2020-09-15T15:13:50","slug":"kontakt","status":"publish","type":"page","link":"https:\/\/www.saintjeanlourdes.com\/de\/kontakt\/","title":{"rendered":"Kontakt"},"content":{"rendered":"<div class=\"wpb-content-wrapper\"><p>[vc_row full_width=&#8220;stretch_row&#8220; el_class=&#8220;header&#8220; css=&#8220;.vc_custom_1580073140478{background-image: url(https:\/\/www.saintjeanlourdes.com\/wp-content\/uploads\/2020\/01\/Groupe-2224.png?id=581) !important;background-position: center !important;background-repeat: no-repeat !important;background-size: cover !important;}&#8220;][vc_column][vc_column_text el_id=&#8220;breadcrumbs&#8220; el_class=&#8220;margin-bottom&#8220;]<span><span><a href=\"https:\/\/www.saintjeanlourdes.com\/de\/\">Home<\/a><\/span><\/span>[\/vc_column_text]    <div class=\"lcv-title text-white\">\r\n                <h2> <span class=\"underscore\">Kontakt<\/span><\/h2>\r\n\r\n    <\/div>\r\n    [\/vc_column][\/vc_row][vc_row full_width=&#8220;stretch_row_content&#8220; css=&#8220;.vc_custom_1580073946085{padding-top: 0px !important;padding-bottom: 0px !important;background-image: url(https:\/\/www.saintjeanlourdes.com\/wp-content\/uploads\/2020\/01\/Groupe-de-masques-69.png?id=367) !important;background-position: center !important;background-repeat: no-repeat !important;background-size: cover !important;}&#8220;][vc_column width=&#8220;2\/12&#8243;][\/vc_column][vc_column width=&#8220;4\/12&#8243;][vc_empty_space][vc_column_text el_class=&#8220;font-size-2&#8243;]<\/p>\n<p style=\"text-align: center;\"><strong>Eine Frage ?<\/strong><\/p>\n<p>[\/vc_column_text][vc_column_text el_class=&#8220;font-size-2 script gold&#8220; css=&#8220;.vc_custom_1581425155040{margin-top: -20px !important;}&#8220;]<\/p>\n<p style=\"text-align: center;\">Kontaktieren Sie uns<\/p>\n<p>[\/vc_column_text][vc_empty_space][vc_column_text]<\/p>\n<p style=\"text-align: center;\">F\u00fcr alle Anfragen z\u00f6gern Sie bitte nicht, uns \u00fcber das unten stehende Formular zu kontaktieren.<\/p>\n<p>[\/vc_column_text][vc_empty_space]\n<div class=\"wpcf7 no-js\" id=\"wpcf7-f1766-o1\" lang=\"fr-FR\" dir=\"ltr\" data-wpcf7-id=\"1766\">\n<div class=\"screen-reader-response\"><p role=\"status\" aria-live=\"polite\" aria-atomic=\"true\"><\/p> <ul><\/ul><\/div>\n<form action=\"\/de\/wp-json\/wp\/v2\/pages\/1768#wpcf7-f1766-o1\" method=\"post\" class=\"wpcf7-form init\" aria-label=\"Formulaire de contact\" novalidate=\"novalidate\" data-status=\"init\">\n<fieldset class=\"hidden-fields-container\"><input type=\"hidden\" name=\"_wpcf7\" value=\"1766\" \/><input type=\"hidden\" name=\"_wpcf7_version\" value=\"6.1.2\" \/><input type=\"hidden\" name=\"_wpcf7_locale\" value=\"fr_FR\" \/><input type=\"hidden\" name=\"_wpcf7_unit_tag\" value=\"wpcf7-f1766-o1\" \/><input type=\"hidden\" name=\"_wpcf7_container_post\" value=\"0\" \/><input type=\"hidden\" name=\"_wpcf7_posted_data_hash\" value=\"\" \/><input type=\"hidden\" name=\"_wpcf7_recaptcha_response\" value=\"\" \/>\n<\/fieldset>\n<div class=\"row\">\n\t<div class=\"col-md-6 col-xs-12\">\n\t\t<p><span class=\"wpcf7-form-control-wrap\" data-name=\"your-firstname\"><input size=\"40\" maxlength=\"400\" class=\"wpcf7-form-control wpcf7-text wpcf7-validates-as-required\" aria-required=\"true\" aria-invalid=\"false\" placeholder=\"Vorname*\" value=\"\" type=\"text\" name=\"your-firstname\" \/><\/span>\n\t\t<\/p>\n\t<\/div>\n\t<div class=\"col-md-6 col-xs-12\">\n\t\t<p><span class=\"wpcf7-form-control-wrap\" data-name=\"your-name\"><input size=\"40\" maxlength=\"400\" class=\"wpcf7-form-control wpcf7-text wpcf7-validates-as-required\" aria-required=\"true\" aria-invalid=\"false\" placeholder=\"Name\" value=\"\" type=\"text\" name=\"your-name\" \/><\/span>\n\t\t<\/p>\n\t<\/div>\n<\/div>\n<div class=\"row\">\n\t<div class=\"col-md-6 col-xs-12\">\n\t\t<p><span class=\"wpcf7-form-control-wrap\" data-name=\"your-email\"><input size=\"40\" maxlength=\"400\" class=\"wpcf7-form-control wpcf7-email wpcf7-validates-as-required wpcf7-text wpcf7-validates-as-email\" aria-required=\"true\" aria-invalid=\"false\" placeholder=\"Mail*\" value=\"\" type=\"email\" name=\"your-email\" \/><\/span>\n\t\t<\/p>\n\t<\/div>\n\t<div class=\"col-md-6 col-xs-12\">\n\t\t<p><span class=\"wpcf7-form-control-wrap\" data-name=\"your-phone\"><input size=\"40\" maxlength=\"400\" class=\"wpcf7-form-control wpcf7-text\" aria-invalid=\"false\" placeholder=\"Telefonnummer*\" value=\"\" type=\"text\" name=\"your-phone\" \/><\/span>\n\t\t<\/p>\n\t<\/div>\n<\/div>\n<p><span class=\"wpcf7-form-control-wrap\" data-name=\"your-message\"><textarea cols=\"40\" rows=\"10\" maxlength=\"2000\" class=\"wpcf7-form-control wpcf7-textarea\" aria-invalid=\"false\" placeholder=\"Nachricht*\" name=\"your-message\"><\/textarea><\/span>\n<\/p>\n<div class=\"row text-center\">\n\t<p><input class=\"wpcf7-form-control wpcf7-submit has-spinner\" type=\"submit\" value=\"SENDEN SIE\" \/>\n\t<\/p>\n<\/div><input type='hidden' class='wpcf7-pum' value='{\"closepopup\":false,\"closedelay\":0,\"openpopup\":false,\"openpopup_id\":0}' \/><div class=\"wpcf7-response-output\" aria-hidden=\"true\"><\/div>\n<\/form>\n<\/div>\n[\/vc_column][vc_column width=&#8220;6\/12&#8243;]<div class=\"hc_map_multimarker \" style=\"padding-left: -15px; padding-right: -15px\"><div id=\"hc_map_478994135\" style=\"width: 100%; height: 850px\"><\/div><\/div><script>jQuery(window).load(function($){\r\n                            var mapOptions = {\r\n                            center: [43.0950523, -0.0522457],\r\n                            scrollWheelZoom: false,\r\n                            zoom: 14}\r\n                            var map = new L.map(\"hc_map_478994135\", mapOptions);\r\n                            var layer = new L.TileLayer.Grayscale(\"https:\/\/{s}.tile.openstreetmap.org\/{z}\/{x}\/{y}.png\");\r\n                            map.addLayer(layer);\r\n                            var iconOptions = {\r\n                                iconUrl: \"https:\/\/www.saintjeanlourdes.com\/wp-content\/uploads\/2020\/03\/marqueur_lcv.png\",iconSize: [42, 55], iconAnchor: [21, 55], popupAnchor:  [0, -55]}\r\n                            var customIcon = L.icon(iconOptions);\r\n                            var markerOptions = {\r\n                               title: \"<strong>Appart'h\u00f4tel Saint Jean<\/strong><br>\",\r\n                               clickable: true,\r\n                               draggable: false,\r\n                               icon: customIcon\r\n                            }\r\n                            var marker = L.marker([43.09339141845703, -0.05349196121096611], markerOptions);\r\n                            marker.addTo(map);\r\n                            marker.bindPopup(\"<strong>Appart'h\u00f4tel Saint Jean<\/strong><br>1 Avenue du Paradis<br>65100 Lourdes<br>+33 (0) 5 62 46 30 07\");\r\n                        \r\n                            });<\/script>[\/vc_column][\/vc_row][vc_row full_width=&#8220;stretch_row&#8220; css=&#8220;.vc_custom_1580074139820{background-color: #f6f6f6 !important;}&#8220;][vc_column width=&#8220;1\/2&#8243;][vc_empty_space][vc_single_image image=&#8220;2697&#8243; img_size=&#8220;full&#8220; alignment=&#8220;center&#8220;][vc_empty_space][vc_column_text]<\/p>\n<p style=\"text-align: center;\">1 Avenue du Paradis<br \/>\n65100 Lourdes- FRANCE<\/p>\n<p>[\/vc_column_text][vc_empty_space][\/vc_column][vc_column width=&#8220;1\/2&#8243; css=&#8220;.vc_custom_1580074098781{border-left-width: 1px !important;border-left-color: #bababa !important;border-left-style: solid !important;border-radius: 1px !important;}&#8220;][vc_empty_space][vc_single_image image=&#8220;2702&#8243; img_size=&#8220;full&#8220; alignment=&#8220;center&#8220;][vc_empty_space][vc_column_text]<\/p>\n<p style=\"text-align: center;\">+33 (0) 5 62 46 30 07<\/p>\n<p>[\/vc_column_text][vc_empty_space][\/vc_column][\/vc_row]<\/p>\n<\/div>","protected":false},"excerpt":{"rendered":"<p>[vc_row full_width=&#8220;stretch_row&#8220; el_class=&#8220;header&#8220; css=&#8220;.vc_custom_1580073140478{background-image: url(https:\/\/www.saintjeanlourdes.com\/wp-content\/uploads\/2020\/01\/Groupe-2224.png?id=581) !important;background-position: center !important;background-repeat: no-repeat !important;background-size: cover !important;}&#8220;][vc_column][vc_column_text el_id=&#8220;breadcrumbs&#8220; el_class=&#8220;margin-bottom&#8220;][\/vc_column_text][\/vc_column][\/vc_row][vc_row full_width=&#8220;stretch_row_content&#8220; css=&#8220;.vc_custom_1580073946085{padding-top: 0px !important;padding-bottom: 0px !important;background-image: [&hellip;]<\/p>\n","protected":false},"author":1,"featured_media":0,"parent":0,"menu_order":0,"comment_status":"closed","ping_status":"closed","template":"template-default.php","meta":{"footnotes":""},"class_list":["post-1768","page","type-page","status-publish","hentry"],"yoast_head":"<!-- This site is optimized with the Yoast SEO plugin v26.1.1 - https:\/\/yoast.com\/wordpress\/plugins\/seo\/ -->\n<title>Kontakt - H\u00f4tel R\u00e9sidence Saint Jean Lourdes<\/title>\n<meta name=\"robots\" content=\"index, nofollow, max-snippet:-1, max-image-preview:large, max-video-preview:-1\" \/>\n<link rel=\"canonical\" href=\"https:\/\/www.saintjeanlourdes.com\/de\/kontakt\/\" \/>\n<meta property=\"og:locale\" content=\"de_DE\" \/>\n<meta property=\"og:type\" content=\"article\" \/>\n<meta property=\"og:title\" content=\"Kontakt - H\u00f4tel R\u00e9sidence Saint Jean Lourdes\" \/>\n<meta property=\"og:description\" content=\"[vc_row full_width=&#8220;stretch_row&#8220; el_class=&#8220;header&#8220; css=&#8220;.vc_custom_1580073140478{background-image: url(https:\/\/www.saintjeanlourdes.com\/wp-content\/uploads\/2020\/01\/Groupe-2224.png?id=581) !important;background-position: center !important;background-repeat: no-repeat !important;background-size: cover !important;}&#8220;][vc_column][vc_column_text el_id=&#8220;breadcrumbs&#8220; el_class=&#8220;margin-bottom&#8220;][\/vc_column_text][\/vc_column][\/vc_row][vc_row full_width=&#8220;stretch_row_content&#8220; css=&#8220;.vc_custom_1580073946085{padding-top: 0px !important;padding-bottom: 0px !important;background-image: [&hellip;]\" \/>\n<meta property=\"og:url\" content=\"https:\/\/www.saintjeanlourdes.com\/de\/kontakt\/\" \/>\n<meta property=\"og:site_name\" content=\"H\u00f4tel R\u00e9sidence Saint Jean Lourdes\" \/>\n<meta property=\"article:modified_time\" content=\"2020-09-15T15:13:50+00:00\" \/>\n<meta name=\"twitter:card\" content=\"summary_large_image\" \/>\n<meta name=\"twitter:label1\" content=\"Gesch\u00e4tzte Lesezeit\" \/>\n\t<meta name=\"twitter:data1\" content=\"2\u00a0Minuten\" \/>\n<script type=\"application\/ld+json\" class=\"yoast-schema-graph\">{\"@context\":\"https:\/\/schema.org\",\"@graph\":[{\"@type\":\"WebPage\",\"@id\":\"https:\/\/www.saintjeanlourdes.com\/de\/kontakt\/\",\"url\":\"https:\/\/www.saintjeanlourdes.com\/de\/kontakt\/\",\"name\":\"Kontakt - H\u00f4tel R\u00e9sidence Saint Jean Lourdes\",\"isPartOf\":{\"@id\":\"https:\/\/www.saintjeanlourdes.com\/de\/#website\"},\"datePublished\":\"2020-01-26T21:09:50+00:00\",\"dateModified\":\"2020-09-15T15:13:50+00:00\",\"breadcrumb\":{\"@id\":\"https:\/\/www.saintjeanlourdes.com\/de\/kontakt\/#breadcrumb\"},\"inLanguage\":\"de\",\"potentialAction\":[{\"@type\":\"ReadAction\",\"target\":[\"https:\/\/www.saintjeanlourdes.com\/de\/kontakt\/\"]}]},{\"@type\":\"BreadcrumbList\",\"@id\":\"https:\/\/www.saintjeanlourdes.com\/de\/kontakt\/#breadcrumb\",\"itemListElement\":[{\"@type\":\"ListItem\",\"position\":1,\"name\":\"Home\",\"item\":\"https:\/\/www.saintjeanlourdes.com\/de\/\"},{\"@type\":\"ListItem\",\"position\":2,\"name\":\"Kontakt\"}]},{\"@type\":\"WebSite\",\"@id\":\"https:\/\/www.saintjeanlourdes.com\/de\/#website\",\"url\":\"https:\/\/www.saintjeanlourdes.com\/de\/\",\"name\":\"H\u00f4tel R\u00e9sidence Saint Jean Lourdes\",\"description\":\"\",\"publisher\":{\"@id\":\"https:\/\/www.saintjeanlourdes.com\/de\/#organization\"},\"potentialAction\":[{\"@type\":\"SearchAction\",\"target\":{\"@type\":\"EntryPoint\",\"urlTemplate\":\"https:\/\/www.saintjeanlourdes.com\/de\/?s={search_term_string}\"},\"query-input\":{\"@type\":\"PropertyValueSpecification\",\"valueRequired\":true,\"valueName\":\"search_term_string\"}}],\"inLanguage\":\"de\"},{\"@type\":\"Organization\",\"@id\":\"https:\/\/www.saintjeanlourdes.com\/de\/#organization\",\"name\":\"H\u00f4tel R\u00e9sidence Saint Jean Lourdes\",\"url\":\"https:\/\/www.saintjeanlourdes.com\/de\/\",\"logo\":{\"@type\":\"ImageObject\",\"inLanguage\":\"de\",\"@id\":\"https:\/\/www.saintjeanlourdes.com\/de\/#\/schema\/logo\/image\/\",\"url\":\"https:\/\/www.saintjeanlourdes.com\/wp-content\/uploads\/2020\/02\/cropped-Appart-hotel-Saint-Jean-2.png\",\"contentUrl\":\"https:\/\/www.saintjeanlourdes.com\/wp-content\/uploads\/2020\/02\/cropped-Appart-hotel-Saint-Jean-2.png\",\"width\":572,\"height\":143,\"caption\":\"H\u00f4tel R\u00e9sidence Saint Jean Lourdes\"},\"image\":{\"@id\":\"https:\/\/www.saintjeanlourdes.com\/de\/#\/schema\/logo\/image\/\"}}]}<\/script>\n<!-- \/ Yoast SEO plugin. -->","yoast_head_json":{"title":"Kontakt - H\u00f4tel R\u00e9sidence Saint Jean Lourdes","robots":{"index":"index","follow":"nofollow","max-snippet":"max-snippet:-1","max-image-preview":"max-image-preview:large","max-video-preview":"max-video-preview:-1"},"canonical":"https:\/\/www.saintjeanlourdes.com\/de\/kontakt\/","og_locale":"de_DE","og_type":"article","og_title":"Kontakt - H\u00f4tel R\u00e9sidence Saint Jean Lourdes","og_description":"[vc_row full_width=&#8220;stretch_row&#8220; el_class=&#8220;header&#8220; css=&#8220;.vc_custom_1580073140478{background-image: url(https:\/\/www.saintjeanlourdes.com\/wp-content\/uploads\/2020\/01\/Groupe-2224.png?id=581) !important;background-position: center !important;background-repeat: no-repeat !important;background-size: cover !important;}&#8220;][vc_column][vc_column_text el_id=&#8220;breadcrumbs&#8220; el_class=&#8220;margin-bottom&#8220;][\/vc_column_text][\/vc_column][\/vc_row][vc_row full_width=&#8220;stretch_row_content&#8220; css=&#8220;.vc_custom_1580073946085{padding-top: 0px !important;padding-bottom: 0px !important;background-image: [&hellip;]","og_url":"https:\/\/www.saintjeanlourdes.com\/de\/kontakt\/","og_site_name":"H\u00f4tel R\u00e9sidence Saint Jean Lourdes","article_modified_time":"2020-09-15T15:13:50+00:00","twitter_card":"summary_large_image","twitter_misc":{"Gesch\u00e4tzte Lesezeit":"2\u00a0Minuten"},"schema":{"@context":"https:\/\/schema.org","@graph":[{"@type":"WebPage","@id":"https:\/\/www.saintjeanlourdes.com\/de\/kontakt\/","url":"https:\/\/www.saintjeanlourdes.com\/de\/kontakt\/","name":"Kontakt - H\u00f4tel R\u00e9sidence Saint Jean Lourdes","isPartOf":{"@id":"https:\/\/www.saintjeanlourdes.com\/de\/#website"},"datePublished":"2020-01-26T21:09:50+00:00","dateModified":"2020-09-15T15:13:50+00:00","breadcrumb":{"@id":"https:\/\/www.saintjeanlourdes.com\/de\/kontakt\/#breadcrumb"},"inLanguage":"de","potentialAction":[{"@type":"ReadAction","target":["https:\/\/www.saintjeanlourdes.com\/de\/kontakt\/"]}]},{"@type":"BreadcrumbList","@id":"https:\/\/www.saintjeanlourdes.com\/de\/kontakt\/#breadcrumb","itemListElement":[{"@type":"ListItem","position":1,"name":"Home","item":"https:\/\/www.saintjeanlourdes.com\/de\/"},{"@type":"ListItem","position":2,"name":"Kontakt"}]},{"@type":"WebSite","@id":"https:\/\/www.saintjeanlourdes.com\/de\/#website","url":"https:\/\/www.saintjeanlourdes.com\/de\/","name":"H\u00f4tel R\u00e9sidence Saint Jean Lourdes","description":"","publisher":{"@id":"https:\/\/www.saintjeanlourdes.com\/de\/#organization"},"potentialAction":[{"@type":"SearchAction","target":{"@type":"EntryPoint","urlTemplate":"https:\/\/www.saintjeanlourdes.com\/de\/?s={search_term_string}"},"query-input":{"@type":"PropertyValueSpecification","valueRequired":true,"valueName":"search_term_string"}}],"inLanguage":"de"},{"@type":"Organization","@id":"https:\/\/www.saintjeanlourdes.com\/de\/#organization","name":"H\u00f4tel R\u00e9sidence Saint Jean Lourdes","url":"https:\/\/www.saintjeanlourdes.com\/de\/","logo":{"@type":"ImageObject","inLanguage":"de","@id":"https:\/\/www.saintjeanlourdes.com\/de\/#\/schema\/logo\/image\/","url":"https:\/\/www.saintjeanlourdes.com\/wp-content\/uploads\/2020\/02\/cropped-Appart-hotel-Saint-Jean-2.png","contentUrl":"https:\/\/www.saintjeanlourdes.com\/wp-content\/uploads\/2020\/02\/cropped-Appart-hotel-Saint-Jean-2.png","width":572,"height":143,"caption":"H\u00f4tel R\u00e9sidence Saint Jean Lourdes"},"image":{"@id":"https:\/\/www.saintjeanlourdes.com\/de\/#\/schema\/logo\/image\/"}}]}},"_links":{"self":[{"href":"https:\/\/www.saintjeanlourdes.com\/de\/wp-json\/wp\/v2\/pages\/1768","targetHints":{"allow":["GET"]}}],"collection":[{"href":"https:\/\/www.saintjeanlourdes.com\/de\/wp-json\/wp\/v2\/pages"}],"about":[{"href":"https:\/\/www.saintjeanlourdes.com\/de\/wp-json\/wp\/v2\/types\/page"}],"author":[{"embeddable":true,"href":"https:\/\/www.saintjeanlourdes.com\/de\/wp-json\/wp\/v2\/users\/1"}],"replies":[{"embeddable":true,"href":"https:\/\/www.saintjeanlourdes.com\/de\/wp-json\/wp\/v2\/comments?post=1768"}],"version-history":[{"count":13,"href":"https:\/\/www.saintjeanlourdes.com\/de\/wp-json\/wp\/v2\/pages\/1768\/revisions"}],"predecessor-version":[{"id":3151,"href":"https:\/\/www.saintjeanlourdes.com\/de\/wp-json\/wp\/v2\/pages\/1768\/revisions\/3151"}],"wp:attachment":[{"href":"https:\/\/www.saintjeanlourdes.com\/de\/wp-json\/wp\/v2\/media?parent=1768"}],"curies":[{"name":"wp","href":"https:\/\/api.w.org\/{rel}","templated":true}]}}